{"id":171,"date":"2016-10-07T00:42:58","date_gmt":"2016-10-06T21:42:58","guid":{"rendered":"http:\/\/timucindegirmenci.com\/dovme\/?page_id=171"},"modified":"2020-06-28T10:06:38","modified_gmt":"2020-06-28T07:06:38","slug":"dovme-tarihi","status":"publish","type":"page","link":"https:\/\/timucindegirmenci.com\/dovme\/dovme-tarihi\/","title":{"rendered":"D\u00f6vme Tarihi"},"content":{"rendered":"\n<p>D\u00f6vme tarihi milattan \u00f6nce ilk insanlara kadar gitmektedir. \u0130nsanlar\u0131n kolonilere ayr\u0131lmas\u0131&nbsp;<a href=\"https:\/\/timucindegirmenci.com\/dovme\/\" title=\"D\u00f6vme\">D\u00f6vmenin<\/a> ya\u015fam tarzlar\u0131na g\u00f6re \u015fekil almas\u0131na neden olmu\u015ftur. Ya\u015fam tarzlar\u0131na g\u00f6re ayr\u0131lan kabileler kendilerini di\u011fer kabilelerden ay\u0131rmak i\u00e7in <em>motif ve desen<\/em> kullanarak olu\u015fturduklar\u0131 <em>d\u00f6vme modellerinden<\/em> bitki ve k\u00fcllerden yapt\u0131klar\u0131 boyalar\u0131 kullanm\u0131\u015flard\u0131r.<\/p>\n\n\n\n<p>O zamandan g\u00fcn\u00fcm\u00fcze kadar \u015fekillenen <em>d\u00f6vme sanat\u0131<\/em> insanlar\u0131n ya\u015fam tarzlar\u0131n\u0131 \u015fekillendirmi\u015ftir, d\u00f6vme tarihi boyunca insan bedenlerinde yer alm\u0131\u015f ve bir karakteri yans\u0131tmay\u0131 ba\u015farm\u0131\u015ft\u0131r. D\u00f6vmenin di\u011fer bir \u00f6nemi ise insanlar taraf\u0131ndan \u00f6zg\u00fcrl\u00fck ve dayan\u0131kl\u0131l\u0131\u011f\u0131 temsil etmesi olmu\u015ftur.<\/p>\n\n\n\n<h2 class=\"wp-block-heading\">Geleneksel D\u00f6vmeler<\/h2>\n\n\n\n<div class=\"wp-block-image\"><figure class=\"aligncenter\"><img loading=\"lazy\" decoding=\"async\" width=\"1024\" height=\"744\" src=\"https:\/\/timucindegirmenci.com\/dovme\/wp-content\/uploads\/2016\/10\/d\u00f6vmeli-anadolu-kadini-1024x744.jpg\" alt=\"Geleneksel D\u00f6vmeler\" class=\"wp-image-240\" srcset=\"https:\/\/timucindegirmenci.com\/dovme\/wp-content\/uploads\/2016\/10\/d\u00f6vmeli-anadolu-kadini-1024x744.jpg 1024w, https:\/\/timucindegirmenci.com\/dovme\/wp-content\/uploads\/2016\/10\/d\u00f6vmeli-anadolu-kadini-300x218.jpg 300w, https:\/\/timucindegirmenci.com\/dovme\/wp-content\/uploads\/2016\/10\/d\u00f6vmeli-anadolu-kadini-768x558.jpg 768w, https:\/\/timucindegirmenci.com\/dovme\/wp-content\/uploads\/2016\/10\/d\u00f6vmeli-anadolu-kadini-700x509.jpg 700w, https:\/\/timucindegirmenci.com\/dovme\/wp-content\/uploads\/2016\/10\/d\u00f6vmeli-anadolu-kadini.jpg 1280w\" sizes=\"auto, (max-width: 1024px) 100vw, 1024px\" \/><\/figure><\/div>\n\n\n\n<p>Kabilelerin ve yerlilerin kulland\u0131\u011f\u0131 <a href=\"https:\/\/timucindegirmenci.com\/dovme\/dovme-modelleri\/\" title=\"D\u00f6vme Modelleri\">d\u00f6vme modelleri<\/a> genellikler belirli desenlerden olu\u015fur, bu desenler y\u00fcz b\u00f6lgelerine kol ve bacak k\u0131s\u0131mlar\u0131na uygulan\u0131rd\u0131, zaman i\u00e7erisinde bu insanlar\u0131n neredeyse t\u00fcm v\u00fccutlar\u0131 d\u00f6vme ile kapanabilirdi.<\/p>\n\n\n\n<h2 class=\"wp-block-heading\">Modern D\u00f6vmeler<\/h2>\n\n\n\n<div class=\"wp-block-image\"><figure class=\"aligncenter\"><img loading=\"lazy\" decoding=\"async\" width=\"700\" height=\"466\" src=\"https:\/\/timucindegirmenci.com\/dovme\/wp-content\/uploads\/2017\/06\/karakoy-dovme-yapan-yerler.jpg\" alt=\"\" class=\"wp-image-2770\" srcset=\"https:\/\/timucindegirmenci.com\/dovme\/wp-content\/uploads\/2017\/06\/karakoy-dovme-yapan-yerler.jpg 700w, https:\/\/timucindegirmenci.com\/dovme\/wp-content\/uploads\/2017\/06\/karakoy-dovme-yapan-yerler-300x200.jpg 300w\" sizes=\"auto, (max-width: 700px) 100vw, 700px\" \/><\/figure><\/div>\n\n\n\n<p>G\u00fcn\u00fcm\u00fcz tarihinde d\u00f6vmeler modern toplumlar\u0131n k\u00fclt\u00fcrlerine g\u00f6re de\u011fi\u015fmi\u015ftir. \u0130nsanlar\u0131n se\u00e7tikleri d\u00f6vme modellerde bulunduklar\u0131 toplumun dokusunu\u00a0yans\u0131tmaktad\u0131r. <strong>Modern d\u00f6vmeler<\/strong> aras\u0131ndan \u00f6rnek verecek olursak;<\/p>\n\n\n\n<ul class=\"wp-block-list\"><li>Tribal<\/li><li>Realistik<\/li><li>New School<\/li><li>\u00dc\u00e7 Boyutlu<\/li><\/ul>\n","protected":false},"excerpt":{"rendered":"<p>D\u00f6vme tarihi milattan \u00f6nce ilk insanlara kadar gitmektedir. \u0130nsanlar\u0131n kolonilere ayr\u0131lmas\u0131&nbsp;D\u00f6vmenin ya\u015fam tarzlar\u0131na g\u00f6re \u015fekil almas\u0131na neden olmu\u015ftur. Ya\u015fam tarzlar\u0131na g\u00f6re ayr\u0131lan kabileler kendilerini di\u011fer kabilelerden ay\u0131rmak i\u00e7in motif ve desen kullanarak olu\u015fturduklar\u0131 d\u00f6vme modellerinden bitki ve k\u00fcllerden yapt\u0131klar\u0131 boyalar\u0131 kullanm\u0131\u015flard\u0131r. O zamandan g\u00fcn\u00fcm\u00fcze kadar \u015fekillenen d\u00f6vme sanat\u0131 insanlar\u0131n ya\u015fam tarzlar\u0131n\u0131 \u015fekillendirmi\u015ftir, d\u00f6vme tarihi boyunca [&hellip;]<\/p>\n","protected":false},"author":1,"featured_media":6001,"parent":0,"menu_order":0,"comment_status":"closed","ping_status":"closed","template":"","meta":{"footnotes":""},"class_list":["post-171","page","type-page","status-publish","has-post-thumbnail","hentry"],"yoast_head":"<!-- This site is optimized with the Yoast SEO plugin v25.7 - https:\/\/yoast.com\/wordpress\/plugins\/seo\/ -->\n<title>D\u00f6vme Tarihi - Tattoo Art. Timu\u00e7in<\/title>\n<meta name=\"description\" content=\"D\u00f6vme tarihi milattan \u00f6nce ilk insanlara kadar gitmektedir. \u0130nsanlar\u0131n kolonilere ayr\u0131lmas\u0131\u00a0D\u00f6vmenin ya\u015fam tarzlar\u0131na g\u00f6re \u015fekil almas\u0131na neden olmu\u015ftur.\" \/>\n<meta name=\"robots\" content=\"index, follow, max-snippet:-1, max-image-preview:large, max-video-preview:-1\" \/>\n<link rel=\"canonical\" href=\"https:\/\/timucindegirmenci.com\/dovme\/dovme-tarihi\/\" \/>\n<meta property=\"og:locale\" content=\"tr_TR\" \/>\n<meta property=\"og:type\" content=\"article\" \/>\n<meta property=\"og:title\" content=\"D\u00f6vme Tarihi - Tattoo Art. Timu\u00e7in\" \/>\n<meta property=\"og:description\" content=\"D\u00f6vme tarihi milattan \u00f6nce ilk insanlara kadar gitmektedir. \u0130nsanlar\u0131n kolonilere ayr\u0131lmas\u0131\u00a0D\u00f6vmenin ya\u015fam tarzlar\u0131na g\u00f6re \u015fekil almas\u0131na neden olmu\u015ftur.\" \/>\n<meta property=\"og:url\" content=\"https:\/\/timucindegirmenci.com\/dovme\/dovme-tarihi\/\" \/>\n<meta property=\"og:site_name\" content=\"D\u00f6vme\" \/>\n<meta property=\"article:publisher\" content=\"https:\/\/www.facebook.com\/timucindegirmenci01\" \/>\n<meta property=\"article:modified_time\" content=\"2020-06-28T07:06:38+00:00\" \/>\n<meta property=\"og:image\" content=\"https:\/\/timucindegirmenci.com\/dovme\/wp-content\/uploads\/2018\/07\/dovme-tarihi.jpg\" \/>\n\t<meta property=\"og:image:width\" content=\"620\" \/>\n\t<meta property=\"og:image:height\" content=\"330\" \/>\n\t<meta property=\"og:image:type\" content=\"image\/jpeg\" \/>\n<meta name=\"twitter:card\" content=\"summary_large_image\" \/>\n<meta name=\"twitter:site\" content=\"@tattootimucin\" \/>\n<meta name=\"twitter:label1\" content=\"Tahmini okuma s\u00fcresi\" \/>\n\t<meta name=\"twitter:data1\" content=\"1 dakika\" \/>\n<script type=\"application\/ld+json\" class=\"yoast-schema-graph\">{\"@context\":\"https:\/\/schema.org\",\"@graph\":[{\"@type\":\"WebPage\",\"@id\":\"https:\/\/timucindegirmenci.com\/dovme\/dovme-tarihi\/\",\"url\":\"https:\/\/timucindegirmenci.com\/dovme\/dovme-tarihi\/\",\"name\":\"D\u00f6vme Tarihi - Tattoo Art. Timu\u00e7in\",\"isPartOf\":{\"@id\":\"https:\/\/timucindegirmenci.com\/dovme\/#website\"},\"primaryImageOfPage\":{\"@id\":\"https:\/\/timucindegirmenci.com\/dovme\/dovme-tarihi\/#primaryimage\"},\"image\":{\"@id\":\"https:\/\/timucindegirmenci.com\/dovme\/dovme-tarihi\/#primaryimage\"},\"thumbnailUrl\":\"https:\/\/timucindegirmenci.com\/dovme\/wp-content\/uploads\/2018\/07\/dovme-tarihi.jpg\",\"datePublished\":\"2016-10-06T21:42:58+00:00\",\"dateModified\":\"2020-06-28T07:06:38+00:00\",\"description\":\"D\u00f6vme tarihi milattan \u00f6nce ilk insanlara kadar gitmektedir. \u0130nsanlar\u0131n kolonilere ayr\u0131lmas\u0131\u00a0D\u00f6vmenin ya\u015fam tarzlar\u0131na g\u00f6re \u015fekil almas\u0131na neden olmu\u015ftur.\",\"breadcrumb\":{\"@id\":\"https:\/\/timucindegirmenci.com\/dovme\/dovme-tarihi\/#breadcrumb\"},\"inLanguage\":\"tr\",\"potentialAction\":[{\"@type\":\"ReadAction\",\"target\":[\"https:\/\/timucindegirmenci.com\/dovme\/dovme-tarihi\/\"]}]},{\"@type\":\"ImageObject\",\"inLanguage\":\"tr\",\"@id\":\"https:\/\/timucindegirmenci.com\/dovme\/dovme-tarihi\/#primaryimage\",\"url\":\"https:\/\/timucindegirmenci.com\/dovme\/wp-content\/uploads\/2018\/07\/dovme-tarihi.jpg\",\"contentUrl\":\"https:\/\/timucindegirmenci.com\/dovme\/wp-content\/uploads\/2018\/07\/dovme-tarihi.jpg\",\"width\":620,\"height\":330,\"caption\":\"D\u00f6vme Tarihi\"},{\"@type\":\"BreadcrumbList\",\"@id\":\"https:\/\/timucindegirmenci.com\/dovme\/dovme-tarihi\/#breadcrumb\",\"itemListElement\":[{\"@type\":\"ListItem\",\"position\":1,\"name\":\"D\u00f6vme\",\"item\":\"https:\/\/timucindegirmenci.com\/dovme\/\"},{\"@type\":\"ListItem\",\"position\":2,\"name\":\"D\u00f6vme Tarihi\"}]},{\"@type\":\"WebSite\",\"@id\":\"https:\/\/timucindegirmenci.com\/dovme\/#website\",\"url\":\"https:\/\/timucindegirmenci.com\/dovme\/\",\"name\":\"D\u00f6vme\",\"description\":\"Tattoo Art. Timu\u00e7in De\u011firmenci - D\u00f6vme Sanat\u00e7\u0131s\u0131\",\"publisher\":{\"@id\":\"https:\/\/timucindegirmenci.com\/dovme\/#organization\"},\"potentialAction\":[{\"@type\":\"SearchAction\",\"target\":{\"@type\":\"EntryPoint\",\"urlTemplate\":\"https:\/\/timucindegirmenci.com\/dovme\/?s={search_term_string}\"},\"query-input\":{\"@type\":\"PropertyValueSpecification\",\"valueRequired\":true,\"valueName\":\"search_term_string\"}}],\"inLanguage\":\"tr\"},{\"@type\":\"Organization\",\"@id\":\"https:\/\/timucindegirmenci.com\/dovme\/#organization\",\"name\":\"Tattoo Art. Timu\u00e7in Studio\",\"url\":\"https:\/\/timucindegirmenci.com\/dovme\/\",\"logo\":{\"@type\":\"ImageObject\",\"inLanguage\":\"tr\",\"@id\":\"https:\/\/timucindegirmenci.com\/dovme\/#\/schema\/logo\/image\/\",\"url\":\"https:\/\/timucindegirmenci.com\/dovme\/wp-content\/uploads\/2017\/10\/timucin-logo.png\",\"contentUrl\":\"https:\/\/timucindegirmenci.com\/dovme\/wp-content\/uploads\/2017\/10\/timucin-logo.png\",\"width\":300,\"height\":144,\"caption\":\"Tattoo Art. Timu\u00e7in Studio\"},\"image\":{\"@id\":\"https:\/\/timucindegirmenci.com\/dovme\/#\/schema\/logo\/image\/\"},\"sameAs\":[\"https:\/\/www.facebook.com\/timucindegirmenci01\",\"https:\/\/x.com\/tattootimucin\",\"https:\/\/www.instagram.com\/timucin_tattooartist\/\",\"https:\/\/www.linkedin.com\/in\/timu\u00e7in-de\u011firmenci-58ab2b134?trk=nav_responsive_tab_profile\",\"https:\/\/myspace.com\/tattootimucin\",\"https:\/\/tr.pinterest.com\/tattootimucin\/\",\"https:\/\/www.youtube.com\/channel\/UCwkmbFJfgR14yf2tuwXDcmw\"]}]}<\/script>\n<!-- \/ Yoast SEO plugin. -->","yoast_head_json":{"title":"D\u00f6vme Tarihi - Tattoo Art. Timu\u00e7in","description":"D\u00f6vme tarihi milattan \u00f6nce ilk insanlara kadar gitmektedir. \u0130nsanlar\u0131n kolonilere ayr\u0131lmas\u0131\u00a0D\u00f6vmenin ya\u015fam tarzlar\u0131na g\u00f6re \u015fekil almas\u0131na neden olmu\u015ftur.","robots":{"index":"index","follow":"follow","max-snippet":"max-snippet:-1","max-image-preview":"max-image-preview:large","max-video-preview":"max-video-preview:-1"},"canonical":"https:\/\/timucindegirmenci.com\/dovme\/dovme-tarihi\/","og_locale":"tr_TR","og_type":"article","og_title":"D\u00f6vme Tarihi - Tattoo Art. Timu\u00e7in","og_description":"D\u00f6vme tarihi milattan \u00f6nce ilk insanlara kadar gitmektedir. \u0130nsanlar\u0131n kolonilere ayr\u0131lmas\u0131\u00a0D\u00f6vmenin ya\u015fam tarzlar\u0131na g\u00f6re \u015fekil almas\u0131na neden olmu\u015ftur.","og_url":"https:\/\/timucindegirmenci.com\/dovme\/dovme-tarihi\/","og_site_name":"D\u00f6vme","article_publisher":"https:\/\/www.facebook.com\/timucindegirmenci01","article_modified_time":"2020-06-28T07:06:38+00:00","og_image":[{"width":620,"height":330,"url":"https:\/\/timucindegirmenci.com\/dovme\/wp-content\/uploads\/2018\/07\/dovme-tarihi.jpg","type":"image\/jpeg"}],"twitter_card":"summary_large_image","twitter_site":"@tattootimucin","twitter_misc":{"Tahmini okuma s\u00fcresi":"1 dakika"},"schema":{"@context":"https:\/\/schema.org","@graph":[{"@type":"WebPage","@id":"https:\/\/timucindegirmenci.com\/dovme\/dovme-tarihi\/","url":"https:\/\/timucindegirmenci.com\/dovme\/dovme-tarihi\/","name":"D\u00f6vme Tarihi - Tattoo Art. Timu\u00e7in","isPartOf":{"@id":"https:\/\/timucindegirmenci.com\/dovme\/#website"},"primaryImageOfPage":{"@id":"https:\/\/timucindegirmenci.com\/dovme\/dovme-tarihi\/#primaryimage"},"image":{"@id":"https:\/\/timucindegirmenci.com\/dovme\/dovme-tarihi\/#primaryimage"},"thumbnailUrl":"https:\/\/timucindegirmenci.com\/dovme\/wp-content\/uploads\/2018\/07\/dovme-tarihi.jpg","datePublished":"2016-10-06T21:42:58+00:00","dateModified":"2020-06-28T07:06:38+00:00","description":"D\u00f6vme tarihi milattan \u00f6nce ilk insanlara kadar gitmektedir. \u0130nsanlar\u0131n kolonilere ayr\u0131lmas\u0131\u00a0D\u00f6vmenin ya\u015fam tarzlar\u0131na g\u00f6re \u015fekil almas\u0131na neden olmu\u015ftur.","breadcrumb":{"@id":"https:\/\/timucindegirmenci.com\/dovme\/dovme-tarihi\/#breadcrumb"},"inLanguage":"tr","potentialAction":[{"@type":"ReadAction","target":["https:\/\/timucindegirmenci.com\/dovme\/dovme-tarihi\/"]}]},{"@type":"ImageObject","inLanguage":"tr","@id":"https:\/\/timucindegirmenci.com\/dovme\/dovme-tarihi\/#primaryimage","url":"https:\/\/timucindegirmenci.com\/dovme\/wp-content\/uploads\/2018\/07\/dovme-tarihi.jpg","contentUrl":"https:\/\/timucindegirmenci.com\/dovme\/wp-content\/uploads\/2018\/07\/dovme-tarihi.jpg","width":620,"height":330,"caption":"D\u00f6vme Tarihi"},{"@type":"BreadcrumbList","@id":"https:\/\/timucindegirmenci.com\/dovme\/dovme-tarihi\/#breadcrumb","itemListElement":[{"@type":"ListItem","position":1,"name":"D\u00f6vme","item":"https:\/\/timucindegirmenci.com\/dovme\/"},{"@type":"ListItem","position":2,"name":"D\u00f6vme Tarihi"}]},{"@type":"WebSite","@id":"https:\/\/timucindegirmenci.com\/dovme\/#website","url":"https:\/\/timucindegirmenci.com\/dovme\/","name":"D\u00f6vme","description":"Tattoo Art. Timu\u00e7in De\u011firmenci - D\u00f6vme Sanat\u00e7\u0131s\u0131","publisher":{"@id":"https:\/\/timucindegirmenci.com\/dovme\/#organization"},"potentialAction":[{"@type":"SearchAction","target":{"@type":"EntryPoint","urlTemplate":"https:\/\/timucindegirmenci.com\/dovme\/?s={search_term_string}"},"query-input":{"@type":"PropertyValueSpecification","valueRequired":true,"valueName":"search_term_string"}}],"inLanguage":"tr"},{"@type":"Organization","@id":"https:\/\/timucindegirmenci.com\/dovme\/#organization","name":"Tattoo Art. Timu\u00e7in Studio","url":"https:\/\/timucindegirmenci.com\/dovme\/","logo":{"@type":"ImageObject","inLanguage":"tr","@id":"https:\/\/timucindegirmenci.com\/dovme\/#\/schema\/logo\/image\/","url":"https:\/\/timucindegirmenci.com\/dovme\/wp-content\/uploads\/2017\/10\/timucin-logo.png","contentUrl":"https:\/\/timucindegirmenci.com\/dovme\/wp-content\/uploads\/2017\/10\/timucin-logo.png","width":300,"height":144,"caption":"Tattoo Art. Timu\u00e7in Studio"},"image":{"@id":"https:\/\/timucindegirmenci.com\/dovme\/#\/schema\/logo\/image\/"},"sameAs":["https:\/\/www.facebook.com\/timucindegirmenci01","https:\/\/x.com\/tattootimucin","https:\/\/www.instagram.com\/timucin_tattooartist\/","https:\/\/www.linkedin.com\/in\/timu\u00e7in-de\u011firmenci-58ab2b134?trk=nav_responsive_tab_profile","https:\/\/myspace.com\/tattootimucin","https:\/\/tr.pinterest.com\/tattootimucin\/","https:\/\/www.youtube.com\/channel\/UCwkmbFJfgR14yf2tuwXDcmw"]}]}},"_links":{"self":[{"href":"https:\/\/timucindegirmenci.com\/dovme\/wp-json\/wp\/v2\/pages\/171","targetHints":{"allow":["GET"]}}],"collection":[{"href":"https:\/\/timucindegirmenci.com\/dovme\/wp-json\/wp\/v2\/pages"}],"about":[{"href":"https:\/\/timucindegirmenci.com\/dovme\/wp-json\/wp\/v2\/types\/page"}],"author":[{"embeddable":true,"href":"https:\/\/timucindegirmenci.com\/dovme\/wp-json\/wp\/v2\/users\/1"}],"replies":[{"embeddable":true,"href":"https:\/\/timucindegirmenci.com\/dovme\/wp-json\/wp\/v2\/comments?post=171"}],"version-history":[{"count":0,"href":"https:\/\/timucindegirmenci.com\/dovme\/wp-json\/wp\/v2\/pages\/171\/revisions"}],"wp:featuredmedia":[{"embeddable":true,"href":"https:\/\/timucindegirmenci.com\/dovme\/wp-json\/wp\/v2\/media\/6001"}],"wp:attachment":[{"href":"https:\/\/timucindegirmenci.com\/dovme\/wp-json\/wp\/v2\/media?parent=171"}],"curies":[{"name":"wp","href":"https:\/\/api.w.org\/{rel}","templated":true}]}}