{"id":1309,"date":"2017-02-21T14:49:37","date_gmt":"2017-02-21T12:49:37","guid":{"rendered":"http:\/\/timucindegirmenci.com\/dovme\/?page_id=1309"},"modified":"2018-07-04T16:47:49","modified_gmt":"2018-07-04T13:47:49","slug":"dovme-duzeltme","status":"publish","type":"page","link":"https:\/\/timucindegirmenci.com\/dovme\/dovme-duzeltme\/","title":{"rendered":"D\u00f6vme D\u00fczeltme"},"content":{"rendered":"<p>D\u00f6vme d\u00fczeltme usta d\u00f6vmeciler taraf\u0131ndan amat\u00f6r d\u00f6vmelere uygulanan daha canl\u0131, iyi ve profesyonel g\u00f6r\u00fcn\u00fcm kazand\u0131racak \u015fekilde d\u00fczeltme i\u015flemidir. Bu i\u015flem genellikle d\u00f6vme konusunda uzmanla\u015fm\u0131\u015f ve tecr\u00fcbe a\u00e7\u0131s\u0131ndan daha uzaman d\u00f6vmeciler taraf\u0131ndan uygulan\u0131r. D\u00f6vme yapt\u0131rma karar\u0131 almadan \u00f6nce maalesef \u00e7ok fazla ara\u015ft\u0131rma yapmay\u0131z ve ilk g\u00f6rd\u00fc\u011f\u00fcm\u00fcz d\u00f6vmeciyi iyi zannedip bedenimizi teslim ederiz. Fakat zaman ge\u00e7tik\u00e7e art\u0131k yapt\u0131rd\u0131\u011f\u0131m\u0131z d\u00f6vmenin k\u00f6t\u00fc oldu\u011funu anlamaya ba\u015flar\u0131z, \u00e7\u00fcnk\u00fc d\u00f6vme solmaya ba\u015flam\u0131\u015f ve renkleri kaybolmu\u015ftur. Kimi zamanda daha ucuz bir d\u00f6vme yapt\u0131rmak ad\u0131na b\u00f6yle sorunlarla kar\u015f\u0131la\u015fabiliriz.<\/p>\n<p><img loading=\"lazy\" decoding=\"async\" class=\"aligncenter wp-image-5703 size-full\" src=\"https:\/\/timucindegirmenci.com\/dovme\/wp-content\/uploads\/2018\/03\/dovme-duzeltme-tattoo-art-timucin.jpg\" alt=\"dovme-duzeltme-tattoo-art-timucin\" width=\"800\" height=\"566\" srcset=\"https:\/\/timucindegirmenci.com\/dovme\/wp-content\/uploads\/2018\/03\/dovme-duzeltme-tattoo-art-timucin.jpg 800w, https:\/\/timucindegirmenci.com\/dovme\/wp-content\/uploads\/2018\/03\/dovme-duzeltme-tattoo-art-timucin-300x212.jpg 300w, https:\/\/timucindegirmenci.com\/dovme\/wp-content\/uploads\/2018\/03\/dovme-duzeltme-tattoo-art-timucin-768x543.jpg 768w, https:\/\/timucindegirmenci.com\/dovme\/wp-content\/uploads\/2018\/03\/dovme-duzeltme-tattoo-art-timucin-700x495.jpg 700w\" sizes=\"auto, (max-width: 800px) 100vw, 800px\" \/><\/p>\n<p><strong>D\u00f6vme d\u00fczeltme<\/strong> i\u015flemi yapt\u0131rd\u0131\u011f\u0131n\u0131z d\u00f6vmeden daha pahal\u0131 olacakt\u0131r neden mi? Bu i\u015fi sanat olarak g\u00f6ren d\u00f6vme sanat\u00e7\u0131lar\u0131 y\u0131llar\u0131n\u0131 bu i\u015fe vermi\u015f ve i\u015fini en iyi \u015fekilde yapan ki\u015fileridir. <a href=\"https:\/\/timucindegirmenci.com\/\"><em>Timu\u00e7in De\u011firmenci<\/em><\/a> yapm\u0131\u015f oldu\u011fu \u00e7al\u0131\u015fmalarla kendisini kan\u0131tlam\u0131\u015ft\u0131r. D\u00f6vmenizi e\u011fer b\u00f6yle bir d\u00f6vme sanat\u00e7\u0131s\u0131na d\u00fczeltirecekseniz, tabi bunun i\u00e7in baz\u0131 konularda bilin\u00e7lenmi\u015f olacaks\u0131n\u0131z, ucuz bir d\u00f6vmeci aramak yerine iyi bir d\u00f6vmeci arayacaks\u0131n\u0131z d\u0131r.<\/p>\n<h2>Kimler D\u00f6vme D\u00fczeltme \u0130\u015flemi Yapabilir.<\/h2>\n<p><img loading=\"lazy\" decoding=\"async\" class=\"aligncenter wp-image-5704 size-full\" src=\"https:\/\/timucindegirmenci.com\/dovme\/wp-content\/uploads\/2018\/03\/dovme-duzeltme-anka-kusu.jpg\" alt=\"dovme-duzeltme-anka-kusu\" width=\"675\" height=\"800\" srcset=\"https:\/\/timucindegirmenci.com\/dovme\/wp-content\/uploads\/2018\/03\/dovme-duzeltme-anka-kusu.jpg 675w, https:\/\/timucindegirmenci.com\/dovme\/wp-content\/uploads\/2018\/03\/dovme-duzeltme-anka-kusu-253x300.jpg 253w\" sizes=\"auto, (max-width: 675px) 100vw, 675px\" \/><\/p>\n<p>D\u00f6vme d\u00fczeltme i\u015flemi i\u00e7in tecr\u00fcbe ve deneyim \u015fart, bir nevi tecr\u00fcbesiz ki\u015filerce yap\u0131lan amat\u00f6r d\u00f6vmelerin, i\u015finde uzman ki\u015filerce d\u00fczeltilip daha iyi g\u00f6r\u00fcn\u00fcm kazand\u0131rma i\u015flemi olarak ta bahsedebiliriz. \u0130\u015flem i\u00e7in bir di\u011fer dikkat etmeniz gereken husus ise d\u00f6vmeci ustal\u0131k belgesine sahip olup olmad\u0131\u011f\u0131d\u0131r. Bu belgeye sahip olan d\u00f6vmeciler daha g\u00fcven veren ve i\u015fine ger\u00e7ekten ciddiye alan ki\u015filerdir.<\/p>\n<h2>D\u00f6vme D\u00fczeltme Fiyatlar\u0131<\/h2>\n<p><img loading=\"lazy\" decoding=\"async\" class=\"aligncenter wp-image-5705 size-full\" src=\"https:\/\/timucindegirmenci.com\/dovme\/wp-content\/uploads\/2018\/03\/dovme-duzeltme-kol.jpg\" alt=\"dovme-duzeltme-fiyatlar\u0131\" width=\"800\" height=\"480\" srcset=\"https:\/\/timucindegirmenci.com\/dovme\/wp-content\/uploads\/2018\/03\/dovme-duzeltme-kol.jpg 800w, https:\/\/timucindegirmenci.com\/dovme\/wp-content\/uploads\/2018\/03\/dovme-duzeltme-kol-300x180.jpg 300w, https:\/\/timucindegirmenci.com\/dovme\/wp-content\/uploads\/2018\/03\/dovme-duzeltme-kol-768x461.jpg 768w, https:\/\/timucindegirmenci.com\/dovme\/wp-content\/uploads\/2018\/03\/dovme-duzeltme-kol-700x420.jpg 700w\" sizes=\"auto, (max-width: 800px) 100vw, 800px\" \/><\/p>\n<p><strong>D\u00f6vme d\u00fczeltme fiyatlar\u0131<\/strong> genellikle k\u00f6t\u00fc ve amat\u00f6r olarak yap\u0131lan d\u00f6vmenin boyutuna ve d\u00fczeltilme derecesine g\u00f6re de\u011fi\u015febilmektedir. Yap\u0131lan k\u00f6t\u00fc ve hatal\u0131 d\u00f6vme ne kadar b\u00fcy\u00fck ise onu d\u00fczeltmek i\u00e7in harcanacak zamanda o denli fazla olaca\u011f\u0131ndan d\u00f6vme d\u00fczeltme fiyat\u0131 da bu nokta da farkedecektir. Tabi bu noktada fiyattan daha \u00f6nemli bir husus vard\u0131r buda d\u00f6vmenin nas\u0131l ve ne kadar d\u00fczeltilebilece\u011fi baz\u0131 d\u00f6vmeler ger\u00e7ekten o kadar k\u00f6t\u00fc ki d\u00fczeltmek imkans\u0131zd\u0131r bu noktada buna alternatif olarak <a href=\"https:\/\/timucindegirmenci.com\/dovme\/dovme-kapatma\/\"><strong>d\u00f6vme kapatma<\/strong><\/a> i\u015flemi de uygulanabilir bunun i\u00e7in d\u00f6vme kapatma sayfam\u0131z\u0131 ziyaret edebilir ve bununla ilgili daha detayl\u0131 bilgilere ula\u015fabilirsiniz.<\/p>\n<p>Genel olarak \u00f6zetleyecek olursak d\u00f6vme d\u00fczeltme i\u015flemi i\u00e7in d\u00fczeltilecek d\u00f6vmenin foto\u011fraf\u0131n\u0131 d\u00f6vme sanat\u00e7\u0131m\u0131za g\u00f6nderip detayl\u0131 fiyat bilgisi alabilirsiniz veya bizimle ileti\u015fime ge\u00e7erek g\u00f6r\u00fc\u015fme sa\u011flayabilirsiniz.<\/p>\n<h3 style=\"text-align: center;\">D\u00d6VME ST\u00dcDYOSU \u0130LET\u0130\u015e\u0130M<\/h3>\n<p><img loading=\"lazy\" decoding=\"async\" class=\"aligncenter wp-image-5387 size-full\" src=\"https:\/\/timucindegirmenci.com\/dovme\/wp-content\/uploads\/2017\/02\/beylikduzu-dovme-sanatcisi-iletisim.jpg\" alt=\"D\u00f6vme D\u00fczeltme \u0130leti\u015fim\" width=\"800\" height=\"400\" srcset=\"https:\/\/timucindegirmenci.com\/dovme\/wp-content\/uploads\/2017\/02\/beylikduzu-dovme-sanatcisi-iletisim.jpg 800w, https:\/\/timucindegirmenci.com\/dovme\/wp-content\/uploads\/2017\/02\/beylikduzu-dovme-sanatcisi-iletisim-300x150.jpg 300w, https:\/\/timucindegirmenci.com\/dovme\/wp-content\/uploads\/2017\/02\/beylikduzu-dovme-sanatcisi-iletisim-768x384.jpg 768w, https:\/\/timucindegirmenci.com\/dovme\/wp-content\/uploads\/2017\/02\/beylikduzu-dovme-sanatcisi-iletisim-700x350.jpg 700w\" sizes=\"auto, (max-width: 800px) 100vw, 800px\" \/><\/p>\n<p style=\"text-align: center;\"><span style=\"color: #333333;\"><strong>Whatsapp ve mobil telefon hatt\u0131m\u0131z\u0131 arayabilirsiniz.<\/strong><\/span><\/p>\n<div class=\"but1\"><a class=\"btn3\" style=\"font-size: 20px;\" href=\"tel:0534 020 38 38\"><strong>0534 020 38 38<\/strong><\/a><\/div>\n<div class=\"but1\"><a href=\"https:\/\/timucindegirmenci.com\/iletisim\"><b>Randevu Formu<\/b><\/a><\/div>\n","protected":false},"excerpt":{"rendered":"<p>D\u00f6vme d\u00fczeltme usta d\u00f6vmeciler taraf\u0131ndan amat\u00f6r d\u00f6vmelere uygulanan daha canl\u0131, iyi ve profesyonel g\u00f6r\u00fcn\u00fcm kazand\u0131racak \u015fekilde d\u00fczeltme i\u015flemidir. Bu i\u015flem genellikle d\u00f6vme konusunda uzmanla\u015fm\u0131\u015f ve tecr\u00fcbe a\u00e7\u0131s\u0131ndan daha uzaman d\u00f6vmeciler taraf\u0131ndan uygulan\u0131r. D\u00f6vme yapt\u0131rma karar\u0131 almadan \u00f6nce maalesef \u00e7ok fazla ara\u015ft\u0131rma yapmay\u0131z ve ilk g\u00f6rd\u00fc\u011f\u00fcm\u00fcz d\u00f6vmeciyi iyi zannedip bedenimizi teslim ederiz. Fakat zaman ge\u00e7tik\u00e7e art\u0131k [&hellip;]<\/p>\n","protected":false},"author":1,"featured_media":5706,"parent":0,"menu_order":0,"comment_status":"closed","ping_status":"closed","template":"","meta":{"footnotes":""},"class_list":["post-1309","page","type-page","status-publish","has-post-thumbnail","hentry"],"yoast_head":"<!-- This site is optimized with the Yoast SEO plugin v25.7 - https:\/\/yoast.com\/wordpress\/plugins\/seo\/ -->\n<title>D\u00f6vme D\u00fczeltme - Tattoo Art. Timu\u00e7in - Miller \u0130nk Studio<\/title>\n<meta name=\"description\" content=\"D\u00f6vme d\u00fczeltme usta d\u00f6vmeciler taraf\u0131ndan amat\u00f6r d\u00f6vmelere uygulanan daha canl\u0131, iyi ve profesyonel g\u00f6r\u00fcn\u00fcm kazand\u0131racak \u015fekilde d\u00fczeltme i\u015flemidir.\" \/>\n<meta name=\"robots\" content=\"index, follow, max-snippet:-1, max-image-preview:large, max-video-preview:-1\" \/>\n<link rel=\"canonical\" href=\"https:\/\/timucindegirmenci.com\/dovme\/dovme-duzeltme\/\" \/>\n<meta property=\"og:locale\" content=\"tr_TR\" \/>\n<meta property=\"og:type\" content=\"article\" \/>\n<meta property=\"og:title\" content=\"D\u00f6vme D\u00fczeltme - Tattoo Art. Timu\u00e7in - Miller \u0130nk Studio\" \/>\n<meta property=\"og:description\" content=\"D\u00f6vme d\u00fczeltme usta d\u00f6vmeciler taraf\u0131ndan amat\u00f6r d\u00f6vmelere uygulanan daha canl\u0131, iyi ve profesyonel g\u00f6r\u00fcn\u00fcm kazand\u0131racak \u015fekilde d\u00fczeltme i\u015flemidir.\" \/>\n<meta property=\"og:url\" content=\"https:\/\/timucindegirmenci.com\/dovme\/dovme-duzeltme\/\" \/>\n<meta property=\"og:site_name\" content=\"D\u00f6vme\" \/>\n<meta property=\"article:publisher\" content=\"https:\/\/www.facebook.com\/timucindegirmenci01\" \/>\n<meta property=\"article:modified_time\" content=\"2018-07-04T13:47:49+00:00\" \/>\n<meta property=\"og:image\" content=\"https:\/\/timucindegirmenci.com\/dovme\/wp-content\/uploads\/2018\/03\/dovme-duzeltme.jpg\" \/>\n\t<meta property=\"og:image:width\" content=\"800\" \/>\n\t<meta property=\"og:image:height\" content=\"645\" \/>\n\t<meta property=\"og:image:type\" content=\"image\/jpeg\" \/>\n<meta name=\"twitter:card\" content=\"summary_large_image\" \/>\n<meta name=\"twitter:site\" content=\"@tattootimucin\" \/>\n<meta name=\"twitter:label1\" content=\"Tahmini okuma s\u00fcresi\" \/>\n\t<meta name=\"twitter:data1\" content=\"3 dakika\" \/>\n<script type=\"application\/ld+json\" class=\"yoast-schema-graph\">{\"@context\":\"https:\/\/schema.org\",\"@graph\":[{\"@type\":\"WebPage\",\"@id\":\"https:\/\/timucindegirmenci.com\/dovme\/dovme-duzeltme\/\",\"url\":\"https:\/\/timucindegirmenci.com\/dovme\/dovme-duzeltme\/\",\"name\":\"D\u00f6vme D\u00fczeltme - Tattoo Art. Timu\u00e7in - Miller \u0130nk Studio\",\"isPartOf\":{\"@id\":\"https:\/\/timucindegirmenci.com\/dovme\/#website\"},\"primaryImageOfPage\":{\"@id\":\"https:\/\/timucindegirmenci.com\/dovme\/dovme-duzeltme\/#primaryimage\"},\"image\":{\"@id\":\"https:\/\/timucindegirmenci.com\/dovme\/dovme-duzeltme\/#primaryimage\"},\"thumbnailUrl\":\"https:\/\/timucindegirmenci.com\/dovme\/wp-content\/uploads\/2018\/03\/dovme-duzeltme.jpg\",\"datePublished\":\"2017-02-21T12:49:37+00:00\",\"dateModified\":\"2018-07-04T13:47:49+00:00\",\"description\":\"D\u00f6vme d\u00fczeltme usta d\u00f6vmeciler taraf\u0131ndan amat\u00f6r d\u00f6vmelere uygulanan daha canl\u0131, iyi ve profesyonel g\u00f6r\u00fcn\u00fcm kazand\u0131racak \u015fekilde d\u00fczeltme i\u015flemidir.\",\"breadcrumb\":{\"@id\":\"https:\/\/timucindegirmenci.com\/dovme\/dovme-duzeltme\/#breadcrumb\"},\"inLanguage\":\"tr\",\"potentialAction\":[{\"@type\":\"ReadAction\",\"target\":[\"https:\/\/timucindegirmenci.com\/dovme\/dovme-duzeltme\/\"]}]},{\"@type\":\"ImageObject\",\"inLanguage\":\"tr\",\"@id\":\"https:\/\/timucindegirmenci.com\/dovme\/dovme-duzeltme\/#primaryimage\",\"url\":\"https:\/\/timucindegirmenci.com\/dovme\/wp-content\/uploads\/2018\/03\/dovme-duzeltme.jpg\",\"contentUrl\":\"https:\/\/timucindegirmenci.com\/dovme\/wp-content\/uploads\/2018\/03\/dovme-duzeltme.jpg\",\"width\":800,\"height\":645,\"caption\":\"D\u00f6vme D\u00fczeltme\"},{\"@type\":\"BreadcrumbList\",\"@id\":\"https:\/\/timucindegirmenci.com\/dovme\/dovme-duzeltme\/#breadcrumb\",\"itemListElement\":[{\"@type\":\"ListItem\",\"position\":1,\"name\":\"D\u00f6vme\",\"item\":\"https:\/\/timucindegirmenci.com\/dovme\/\"},{\"@type\":\"ListItem\",\"position\":2,\"name\":\"D\u00f6vme D\u00fczeltme\"}]},{\"@type\":\"WebSite\",\"@id\":\"https:\/\/timucindegirmenci.com\/dovme\/#website\",\"url\":\"https:\/\/timucindegirmenci.com\/dovme\/\",\"name\":\"D\u00f6vme\",\"description\":\"Tattoo Art. Timu\u00e7in De\u011firmenci - D\u00f6vme Sanat\u00e7\u0131s\u0131\",\"publisher\":{\"@id\":\"https:\/\/timucindegirmenci.com\/dovme\/#organization\"},\"potentialAction\":[{\"@type\":\"SearchAction\",\"target\":{\"@type\":\"EntryPoint\",\"urlTemplate\":\"https:\/\/timucindegirmenci.com\/dovme\/?s={search_term_string}\"},\"query-input\":{\"@type\":\"PropertyValueSpecification\",\"valueRequired\":true,\"valueName\":\"search_term_string\"}}],\"inLanguage\":\"tr\"},{\"@type\":\"Organization\",\"@id\":\"https:\/\/timucindegirmenci.com\/dovme\/#organization\",\"name\":\"Tattoo Art. Timu\u00e7in Studio\",\"url\":\"https:\/\/timucindegirmenci.com\/dovme\/\",\"logo\":{\"@type\":\"ImageObject\",\"inLanguage\":\"tr\",\"@id\":\"https:\/\/timucindegirmenci.com\/dovme\/#\/schema\/logo\/image\/\",\"url\":\"https:\/\/timucindegirmenci.com\/dovme\/wp-content\/uploads\/2017\/10\/timucin-logo.png\",\"contentUrl\":\"https:\/\/timucindegirmenci.com\/dovme\/wp-content\/uploads\/2017\/10\/timucin-logo.png\",\"width\":300,\"height\":144,\"caption\":\"Tattoo Art. Timu\u00e7in Studio\"},\"image\":{\"@id\":\"https:\/\/timucindegirmenci.com\/dovme\/#\/schema\/logo\/image\/\"},\"sameAs\":[\"https:\/\/www.facebook.com\/timucindegirmenci01\",\"https:\/\/x.com\/tattootimucin\",\"https:\/\/www.instagram.com\/timucin_tattooartist\/\",\"https:\/\/www.linkedin.com\/in\/timu\u00e7in-de\u011firmenci-58ab2b134?trk=nav_responsive_tab_profile\",\"https:\/\/myspace.com\/tattootimucin\",\"https:\/\/tr.pinterest.com\/tattootimucin\/\",\"https:\/\/www.youtube.com\/channel\/UCwkmbFJfgR14yf2tuwXDcmw\"]}]}<\/script>\n<!-- \/ Yoast SEO plugin. -->","yoast_head_json":{"title":"D\u00f6vme D\u00fczeltme - Tattoo Art. Timu\u00e7in - Miller \u0130nk Studio","description":"D\u00f6vme d\u00fczeltme usta d\u00f6vmeciler taraf\u0131ndan amat\u00f6r d\u00f6vmelere uygulanan daha canl\u0131, iyi ve profesyonel g\u00f6r\u00fcn\u00fcm kazand\u0131racak \u015fekilde d\u00fczeltme i\u015flemidir.","robots":{"index":"index","follow":"follow","max-snippet":"max-snippet:-1","max-image-preview":"max-image-preview:large","max-video-preview":"max-video-preview:-1"},"canonical":"https:\/\/timucindegirmenci.com\/dovme\/dovme-duzeltme\/","og_locale":"tr_TR","og_type":"article","og_title":"D\u00f6vme D\u00fczeltme - Tattoo Art. Timu\u00e7in - Miller \u0130nk Studio","og_description":"D\u00f6vme d\u00fczeltme usta d\u00f6vmeciler taraf\u0131ndan amat\u00f6r d\u00f6vmelere uygulanan daha canl\u0131, iyi ve profesyonel g\u00f6r\u00fcn\u00fcm kazand\u0131racak \u015fekilde d\u00fczeltme i\u015flemidir.","og_url":"https:\/\/timucindegirmenci.com\/dovme\/dovme-duzeltme\/","og_site_name":"D\u00f6vme","article_publisher":"https:\/\/www.facebook.com\/timucindegirmenci01","article_modified_time":"2018-07-04T13:47:49+00:00","og_image":[{"width":800,"height":645,"url":"https:\/\/timucindegirmenci.com\/dovme\/wp-content\/uploads\/2018\/03\/dovme-duzeltme.jpg","type":"image\/jpeg"}],"twitter_card":"summary_large_image","twitter_site":"@tattootimucin","twitter_misc":{"Tahmini okuma s\u00fcresi":"3 dakika"},"schema":{"@context":"https:\/\/schema.org","@graph":[{"@type":"WebPage","@id":"https:\/\/timucindegirmenci.com\/dovme\/dovme-duzeltme\/","url":"https:\/\/timucindegirmenci.com\/dovme\/dovme-duzeltme\/","name":"D\u00f6vme D\u00fczeltme - Tattoo Art. Timu\u00e7in - Miller \u0130nk Studio","isPartOf":{"@id":"https:\/\/timucindegirmenci.com\/dovme\/#website"},"primaryImageOfPage":{"@id":"https:\/\/timucindegirmenci.com\/dovme\/dovme-duzeltme\/#primaryimage"},"image":{"@id":"https:\/\/timucindegirmenci.com\/dovme\/dovme-duzeltme\/#primaryimage"},"thumbnailUrl":"https:\/\/timucindegirmenci.com\/dovme\/wp-content\/uploads\/2018\/03\/dovme-duzeltme.jpg","datePublished":"2017-02-21T12:49:37+00:00","dateModified":"2018-07-04T13:47:49+00:00","description":"D\u00f6vme d\u00fczeltme usta d\u00f6vmeciler taraf\u0131ndan amat\u00f6r d\u00f6vmelere uygulanan daha canl\u0131, iyi ve profesyonel g\u00f6r\u00fcn\u00fcm kazand\u0131racak \u015fekilde d\u00fczeltme i\u015flemidir.","breadcrumb":{"@id":"https:\/\/timucindegirmenci.com\/dovme\/dovme-duzeltme\/#breadcrumb"},"inLanguage":"tr","potentialAction":[{"@type":"ReadAction","target":["https:\/\/timucindegirmenci.com\/dovme\/dovme-duzeltme\/"]}]},{"@type":"ImageObject","inLanguage":"tr","@id":"https:\/\/timucindegirmenci.com\/dovme\/dovme-duzeltme\/#primaryimage","url":"https:\/\/timucindegirmenci.com\/dovme\/wp-content\/uploads\/2018\/03\/dovme-duzeltme.jpg","contentUrl":"https:\/\/timucindegirmenci.com\/dovme\/wp-content\/uploads\/2018\/03\/dovme-duzeltme.jpg","width":800,"height":645,"caption":"D\u00f6vme D\u00fczeltme"},{"@type":"BreadcrumbList","@id":"https:\/\/timucindegirmenci.com\/dovme\/dovme-duzeltme\/#breadcrumb","itemListElement":[{"@type":"ListItem","position":1,"name":"D\u00f6vme","item":"https:\/\/timucindegirmenci.com\/dovme\/"},{"@type":"ListItem","position":2,"name":"D\u00f6vme D\u00fczeltme"}]},{"@type":"WebSite","@id":"https:\/\/timucindegirmenci.com\/dovme\/#website","url":"https:\/\/timucindegirmenci.com\/dovme\/","name":"D\u00f6vme","description":"Tattoo Art. Timu\u00e7in De\u011firmenci - D\u00f6vme Sanat\u00e7\u0131s\u0131","publisher":{"@id":"https:\/\/timucindegirmenci.com\/dovme\/#organization"},"potentialAction":[{"@type":"SearchAction","target":{"@type":"EntryPoint","urlTemplate":"https:\/\/timucindegirmenci.com\/dovme\/?s={search_term_string}"},"query-input":{"@type":"PropertyValueSpecification","valueRequired":true,"valueName":"search_term_string"}}],"inLanguage":"tr"},{"@type":"Organization","@id":"https:\/\/timucindegirmenci.com\/dovme\/#organization","name":"Tattoo Art. Timu\u00e7in Studio","url":"https:\/\/timucindegirmenci.com\/dovme\/","logo":{"@type":"ImageObject","inLanguage":"tr","@id":"https:\/\/timucindegirmenci.com\/dovme\/#\/schema\/logo\/image\/","url":"https:\/\/timucindegirmenci.com\/dovme\/wp-content\/uploads\/2017\/10\/timucin-logo.png","contentUrl":"https:\/\/timucindegirmenci.com\/dovme\/wp-content\/uploads\/2017\/10\/timucin-logo.png","width":300,"height":144,"caption":"Tattoo Art. Timu\u00e7in Studio"},"image":{"@id":"https:\/\/timucindegirmenci.com\/dovme\/#\/schema\/logo\/image\/"},"sameAs":["https:\/\/www.facebook.com\/timucindegirmenci01","https:\/\/x.com\/tattootimucin","https:\/\/www.instagram.com\/timucin_tattooartist\/","https:\/\/www.linkedin.com\/in\/timu\u00e7in-de\u011firmenci-58ab2b134?trk=nav_responsive_tab_profile","https:\/\/myspace.com\/tattootimucin","https:\/\/tr.pinterest.com\/tattootimucin\/","https:\/\/www.youtube.com\/channel\/UCwkmbFJfgR14yf2tuwXDcmw"]}]}},"_links":{"self":[{"href":"https:\/\/timucindegirmenci.com\/dovme\/wp-json\/wp\/v2\/pages\/1309","targetHints":{"allow":["GET"]}}],"collection":[{"href":"https:\/\/timucindegirmenci.com\/dovme\/wp-json\/wp\/v2\/pages"}],"about":[{"href":"https:\/\/timucindegirmenci.com\/dovme\/wp-json\/wp\/v2\/types\/page"}],"author":[{"embeddable":true,"href":"https:\/\/timucindegirmenci.com\/dovme\/wp-json\/wp\/v2\/users\/1"}],"replies":[{"embeddable":true,"href":"https:\/\/timucindegirmenci.com\/dovme\/wp-json\/wp\/v2\/comments?post=1309"}],"version-history":[{"count":0,"href":"https:\/\/timucindegirmenci.com\/dovme\/wp-json\/wp\/v2\/pages\/1309\/revisions"}],"wp:featuredmedia":[{"embeddable":true,"href":"https:\/\/timucindegirmenci.com\/dovme\/wp-json\/wp\/v2\/media\/5706"}],"wp:attachment":[{"href":"https:\/\/timucindegirmenci.com\/dovme\/wp-json\/wp\/v2\/media?parent=1309"}],"curies":[{"name":"wp","href":"https:\/\/api.w.org\/{rel}","templated":true}]}}