{"id":107,"date":"2016-08-30T00:04:11","date_gmt":"2016-08-29T21:04:11","guid":{"rendered":"http:\/\/timucindegirmenci.com\/dovme\/?page_id=107"},"modified":"2019-06-25T14:56:25","modified_gmt":"2019-06-25T11:56:25","slug":"dovme","status":"publish","type":"page","link":"https:\/\/timucindegirmenci.com\/dovme\/","title":{"rendered":"D\u00f6vme"},"content":{"rendered":"\n<p>D\u00f6vme g\u00fcn\u00fcm\u00fcz\u00fcn en pop\u00fcler k\u00fclt\u00fcrlerinden birisidir. Ge\u00e7mi\u015fi binlerce y\u0131l \u00f6tesine dayanmas\u0131na ra\u011fmen bu g\u00fcn bile hi\u00e7 bir \u015fekilde pop\u00fclasyonunu kaybetmemi\u015ftir. Bu sanat&nbsp;bizlere ilkel toplumlardan kalan belkide en \u00f6nemli miraslardand\u0131r, ki\u015finin kendisi ifade bi\u00e7imi olarak ta yorumlanan ve bir \u00e7ok tarz ve modele ayr\u0131lan v\u00fccut sanat\u0131 yery\u00fcz\u00fcndeki her k\u0131ta da g\u00f6r\u00fclmekte ve medeniyetin ula\u015famad\u0131\u011f\u0131 kabilelerde dahi kullan\u0131lmakta.<\/p>\n\n\n\n<div class=\"wp-block-columns has-2-columns is-layout-flex wp-container-core-columns-is-layout-9d6595d7 wp-block-columns-is-layout-flex\">\n<div class=\"wp-block-column is-layout-flow wp-block-column-is-layout-flow\">\n<figure class=\"wp-block-image\"><img loading=\"lazy\" decoding=\"async\" width=\"634\" height=\"317\" src=\"https:\/\/timucindegirmenci.com\/dovme\/wp-content\/uploads\/2016\/08\/maori-dovme.jpg\" alt=\"maori-dovme\" class=\"wp-image-201\" srcset=\"https:\/\/timucindegirmenci.com\/dovme\/wp-content\/uploads\/2016\/08\/maori-dovme.jpg 634w, https:\/\/timucindegirmenci.com\/dovme\/wp-content\/uploads\/2016\/08\/maori-dovme-300x150.jpg 300w\" sizes=\"auto, (max-width: 634px) 100vw, 634px\" \/><\/figure>\n\n\n\n<figure class=\"wp-block-image\"><img loading=\"lazy\" decoding=\"async\" width=\"300\" height=\"150\" src=\"https:\/\/timucindegirmenci.com\/dovme\/wp-content\/uploads\/2018\/03\/kabile-dovme.jpg\" alt=\"kabile-dovme\" class=\"wp-image-5344\"\/><\/figure>\n<\/div>\n\n\n\n<div class=\"wp-block-column is-layout-flow wp-block-column-is-layout-flow\">\n<p> Geleneksel y\u00f6ntemlerle yap\u0131lan bu d\u00f6vmeler ilkel kom\u00fcnal toplumlarda kabilelerin inan\u00e7lar\u0131na, ya\u015fam tarzlar\u0131na ve kabile t\u00fcrlerine g\u00f6re de\u011fi\u015fim g\u00f6stermekteydi.<\/p>\n\n\n\n<p>Boyalar genellikle k\u00fcl ve bitkilerle yap\u0131lmakta ve ucu sivriltilmi\u015f odun par\u00e7alar\u0131 kullan\u0131lmaktayd\u0131 v\u00fccudun hemen hemen her noktas\u0131na uygulanan i\u015flem ayn\u0131 zamanda erkeklerin dayan\u0131kl\u0131klar\u0131n\u0131 kan\u0131tlamalar\u0131 i\u00e7inde uygulan\u0131rd\u0131. <\/p>\n<\/div>\n<\/div>\n\n\n\n<h2 class=\"wp-block-heading\">D\u00f6vme Nedir?<\/h2>\n\n\n\n<div class=\"wp-block-image\"><figure class=\"aligncenter\"><img loading=\"lazy\" decoding=\"async\" width=\"579\" height=\"379\" src=\"https:\/\/timucindegirmenci.com\/dovme\/wp-content\/uploads\/2018\/03\/dovme-nedir.jpg\" alt=\"dovme-nedir\" class=\"wp-image-5346\" srcset=\"https:\/\/timucindegirmenci.com\/dovme\/wp-content\/uploads\/2018\/03\/dovme-nedir.jpg 579w, https:\/\/timucindegirmenci.com\/dovme\/wp-content\/uploads\/2018\/03\/dovme-nedir-300x196.jpg 300w\" sizes=\"auto, (max-width: 579px) 100vw, 579px\" \/><\/figure><\/div>\n\n\n\n<p>\u00d6zel boyalar kullan\u0131larak belirli g\u00f6rsel tasar\u0131mlar\u0131n olu\u015fturdu\u011fu motif ve desenlerin makine yard\u0131m\u0131yla insan derisine uygulanmas\u0131d\u0131r. V\u00fccut sanat\u0131 yapan ki\u015fiye ise <strong>D\u00f6vmeci<\/strong> veya <strong>D\u00f6vme Sanat\u00e7\u0131s\u0131<\/strong> denir. <\/p>\n\n\n\n<p>T\u00fcrkiye&#8217;de amat\u00f6r olarak \u00e7ok yayg\u0131n olsa da profesyonel anlamda da \u00e7al\u0131\u015fan d\u00f6vmeciler vard\u0131r burada dikkat edilmesi gereken unsur bu mesle\u011fi yapan ki\u015filerin sertifika belgelerinin olup olmad\u0131\u011f\u0131d\u0131r. Bu i\u015flem do\u011frudan insan derisine uyguland\u0131\u011f\u0131ndan sa\u011fl\u0131k a\u00e7\u0131s\u0131ndan \u00e7ok dikkat edilmesi gereken i\u015flemdir ve tamamen steril ortamlarda uygulanmal\u0131d\u0131r.<\/p>\n\n\n\n<p>Ayr\u0131ca <strong>kal\u0131c\u0131 model<\/strong> yapt\u0131rmak istemeyenler i\u00e7in <strong>ge\u00e7ici model<\/strong> uygulamalarda bulunmakta bu tarz d\u00f6vmeler genellikle v\u00fccutta 1 ile 2 hafta aras\u0131nda kalmakta ge\u00e7ici d\u00f6vmeler Hint k\u0131nas\u0131, k\u0131na ta\u015f\u0131, ve bir i\u011fne yard\u0131m\u0131yla yap\u0131lmakta ve su temas\u0131nda silinebilmektedir. <em>Ge\u00e7ici v\u00fccut sanat\u0131<\/em>&nbsp;uygulamalar\u0131 ayn\u0131 zamanda ki\u015finin kal\u0131c\u0131&nbsp;<em><a href=\"https:\/\/tr.wikipedia.org\/wiki\/V%C3%BCcut_sanat%C4%B1\">v\u00fccut sanat\u0131<\/a><\/em> yapt\u0131rmaya karar vermeden \u00f6nce deneyebilece\u011fi y\u00f6ntemlerdendir.<\/p>\n\n\n\n<h2 class=\"wp-block-heading\">&nbsp;&nbsp;D\u00f6vme Kapatma<\/h2>\n\n\n\n<div class=\"wp-block-image\"><figure class=\"aligncenter\"><img loading=\"lazy\" decoding=\"async\" width=\"800\" height=\"488\" src=\"https:\/\/timucindegirmenci.com\/dovme\/wp-content\/uploads\/2018\/03\/dovme-kapatma-timucin-min.jpg\" alt=\"dovme-kapatma-timucin\" class=\"wp-image-5347\" srcset=\"https:\/\/timucindegirmenci.com\/dovme\/wp-content\/uploads\/2018\/03\/dovme-kapatma-timucin-min.jpg 800w, https:\/\/timucindegirmenci.com\/dovme\/wp-content\/uploads\/2018\/03\/dovme-kapatma-timucin-min-300x183.jpg 300w, https:\/\/timucindegirmenci.com\/dovme\/wp-content\/uploads\/2018\/03\/dovme-kapatma-timucin-min-768x468.jpg 768w, https:\/\/timucindegirmenci.com\/dovme\/wp-content\/uploads\/2018\/03\/dovme-kapatma-timucin-min-700x427.jpg 700w\" sizes=\"auto, (max-width: 800px) 100vw, 800px\" \/><\/figure><\/div>\n\n\n\n<p><strong><a href=\"https:\/\/timucindegirmenci.com\/dovme\/dovme-kapatma\/\">D\u00f6vme kapatma<\/a><\/strong> genellikle usta d\u00f6vmeciler taraf\u0131ndan uygulanan bir y\u00f6ntemdir. d\u00f6vmenin boyutu kullan\u0131lan renkler ve ki\u015fin<em>&nbsp;model se\u00e7imi<\/em>&nbsp;cover up i\u00e7in \u00f6nemlidir nedeni ise d\u00f6vmenin her modelle kapanamayaca\u011f\u0131 ger\u00e7e\u011fidir. Kapatman\u0131n uygulanabilmesi i\u00e7in;<\/p>\n\n\n\n<ul class=\"wp-block-list\"><li>Modelin Boyutu<\/li><li>Hangi boyalar kullan\u0131larak yap\u0131ld\u0131\u011f\u0131<\/li><li>Deriye ne kadar i\u015fledi\u011fi<\/li><\/ul>\n\n\n\n<p>Yukar\u0131da belirtilen maddelerin her biri \u00f6nemlidir. Bu konuyla ilgili daha detayl\u0131 bilgi almak i\u00e7in&nbsp;t\u0131klay\u0131n\u0131z.<\/p>\n\n\n\n<h2 class=\"wp-block-heading\">D\u00f6vme Fiyatlar\u0131<\/h2>\n\n\n\n<p><a href=\"https:\/\/timucindegirmenci.com\/dovme\/dovme-fiyatlari\/\"><strong>D\u00f6vme fiyatlar\u0131<\/strong><\/a>&nbsp;net bir \u015fey s\u00f6ylemek do\u011fru olmaz \u00e7\u00fcnk\u00fc bu modeline g\u00f6re de\u011fi\u015fmektedir. V\u00fccut sanat\u0131n\u0131 yapt\u0131racak olan ki\u015finin istedi\u011fi model ve tarza uygun olan tasar\u0131m\u0131n boyutudur d\u00f6vmenin fiyat\u0131n\u0131 belirleyen unsurdur, yani kesin olarak V\u00fccut sanat\u0131 fiyat\u0131yla ilgili \u015funu belirtebiliriz fiyat\u0131n\u0131 belirleyen en \u00f6nemli etkenler den baz\u0131lar d\u00f6vmenin boyudur. D\u00f6vmenin boyutu art\u0131k\u00e7a harcanan zaman ve malzeme artaca\u011f\u0131ndan fiyatta buna ba\u011fl\u0131 olarak y\u00fckseli\u015f g\u00f6sterecektir. <\/p>\n\n\n\n<h2 class=\"wp-block-heading\">D\u00f6vme Kursu<\/h2>\n\n\n\n<figure class=\"wp-block-embed-youtube wp-block-embed is-type-video is-provider-youtube wp-embed-aspect-16-9 wp-has-aspect-ratio\"><div class=\"wp-block-embed__wrapper\">\n<iframe loading=\"lazy\" title=\"D\u00f6vme - Timu\u00e7in De\u011firmenci\" width=\"640\" height=\"360\" src=\"https:\/\/www.youtube.com\/embed\/V2EJQYfYlh0?feature=oembed\" frameborder=\"0\" allow=\"accelerometer; autoplay; clipboard-write; encrypted-media; gyroscope; picture-in-picture; web-share\" referrerpolicy=\"strict-origin-when-cross-origin\" allowfullscreen><\/iframe>\n<\/div><\/figure>\n\n\n\n<p>Tattoo Art. Timu\u00e7in De\u011firmenci taraf\u0131ndan sadece y\u0131lda belirli say\u0131da ki\u015filere \u00f6zel olarak verilmektedir.&nbsp;<a href=\"https:\/\/timucindegirmenci.com\/dovme\/dovme-kursu\/\"><strong>D\u00f6vme kursu<\/strong><\/a>&nbsp;almak isteyen ki\u015filer ile bire bir g\u00f6r\u00fc\u015f\u00fcld\u00fckten sonra e\u011fitim i\u00e7in \u00e7al\u0131\u015fmalara ba\u015flan\u0131r. D\u00f6vme e\u011fitimi tamamland\u0131ktan&nbsp;sonra kalfal\u0131k belgesi ve ustal\u0131k belgesi i\u00e7in y\u00f6nlendirilir. <\/p>\n","protected":false},"excerpt":{"rendered":"<p>D\u00f6vme g\u00fcn\u00fcm\u00fcz\u00fcn en pop\u00fcler k\u00fclt\u00fcrlerinden birisidir. Ge\u00e7mi\u015fi binlerce y\u0131l \u00f6tesine dayanmas\u0131na ra\u011fmen bu g\u00fcn bile hi\u00e7 bir \u015fekilde pop\u00fclasyonunu kaybetmemi\u015ftir. Bu sanat&nbsp;bizlere ilkel toplumlardan kalan belkide en \u00f6nemli miraslardand\u0131r, ki\u015finin kendisi ifade bi\u00e7imi olarak ta yorumlanan ve bir \u00e7ok tarz ve modele ayr\u0131lan v\u00fccut sanat\u0131 yery\u00fcz\u00fcndeki her k\u0131ta da g\u00f6r\u00fclmekte ve medeniyetin ula\u015famad\u0131\u011f\u0131 kabilelerde dahi [&hellip;]<\/p>\n","protected":false},"author":1,"featured_media":5345,"parent":0,"menu_order":0,"comment_status":"closed","ping_status":"closed","template":"","meta":{"footnotes":""},"class_list":["post-107","page","type-page","status-publish","has-post-thumbnail","hentry"],"yoast_head":"<!-- This site is optimized with the Yoast SEO plugin v25.7 - https:\/\/yoast.com\/wordpress\/plugins\/seo\/ -->\n<title>D\u00f6vme - \u0130stanbul Tattoo St\u00fcdyo | Timu\u00e7in De\u011firmenci<\/title>\n<meta name=\"description\" content=\"D\u00f6vme g\u00fcn\u00fcm\u00fcz\u00fcn en pop\u00fcler k\u00fclt\u00fcrlerinden birisidir. Ge\u00e7mi\u015fi binlerce y\u0131l \u00f6tesine dayanmas\u0131na ra\u011fmen bu g\u00fcn bile hi\u00e7 bir \u015fekilde de\u011fi\u015fmemi\u015ftir.\" \/>\n<meta name=\"robots\" content=\"index, follow, max-snippet:-1, max-image-preview:large, max-video-preview:-1\" \/>\n<link rel=\"canonical\" href=\"https:\/\/timucindegirmenci.com\/dovme\/\" \/>\n<meta property=\"og:locale\" content=\"tr_TR\" \/>\n<meta property=\"og:type\" content=\"article\" \/>\n<meta property=\"og:title\" content=\"D\u00f6vme - \u0130stanbul Tattoo St\u00fcdyo | Timu\u00e7in De\u011firmenci\" \/>\n<meta property=\"og:description\" content=\"D\u00f6vme g\u00fcn\u00fcm\u00fcz\u00fcn en pop\u00fcler k\u00fclt\u00fcrlerinden birisidir. Ge\u00e7mi\u015fi binlerce y\u0131l \u00f6tesine dayanmas\u0131na ra\u011fmen bu g\u00fcn bile hi\u00e7 bir \u015fekilde de\u011fi\u015fmemi\u015ftir.\" \/>\n<meta property=\"og:url\" content=\"https:\/\/timucindegirmenci.com\/dovme\/\" \/>\n<meta property=\"og:site_name\" content=\"D\u00f6vme\" \/>\n<meta property=\"article:publisher\" content=\"https:\/\/www.facebook.com\/timucindegirmenci01\" \/>\n<meta property=\"article:modified_time\" content=\"2019-06-25T11:56:25+00:00\" \/>\n<meta property=\"og:image\" content=\"https:\/\/timucindegirmenci.com\/dovme\/wp-content\/uploads\/2018\/03\/dovme-anasayfa.jpg\" \/>\n\t<meta property=\"og:image:width\" content=\"851\" \/>\n\t<meta property=\"og:image:height\" content=\"315\" \/>\n\t<meta property=\"og:image:type\" content=\"image\/jpeg\" \/>\n<meta name=\"twitter:card\" content=\"summary_large_image\" \/>\n<meta name=\"twitter:site\" content=\"@tattootimucin\" \/>\n<meta name=\"twitter:label1\" content=\"Tahmini okuma s\u00fcresi\" \/>\n\t<meta name=\"twitter:data1\" content=\"3 dakika\" \/>\n<script type=\"application\/ld+json\" class=\"yoast-schema-graph\">{\"@context\":\"https:\/\/schema.org\",\"@graph\":[{\"@type\":\"WebPage\",\"@id\":\"https:\/\/timucindegirmenci.com\/dovme\/\",\"url\":\"https:\/\/timucindegirmenci.com\/dovme\/\",\"name\":\"D\u00f6vme - \u0130stanbul Tattoo St\u00fcdyo | Timu\u00e7in De\u011firmenci\",\"isPartOf\":{\"@id\":\"https:\/\/timucindegirmenci.com\/dovme\/#website\"},\"primaryImageOfPage\":{\"@id\":\"https:\/\/timucindegirmenci.com\/dovme\/#primaryimage\"},\"image\":{\"@id\":\"https:\/\/timucindegirmenci.com\/dovme\/#primaryimage\"},\"thumbnailUrl\":\"https:\/\/timucindegirmenci.com\/dovme\/wp-content\/uploads\/2018\/03\/dovme-anasayfa.jpg\",\"datePublished\":\"2016-08-29T21:04:11+00:00\",\"dateModified\":\"2019-06-25T11:56:25+00:00\",\"description\":\"D\u00f6vme g\u00fcn\u00fcm\u00fcz\u00fcn en pop\u00fcler k\u00fclt\u00fcrlerinden birisidir. Ge\u00e7mi\u015fi binlerce y\u0131l \u00f6tesine dayanmas\u0131na ra\u011fmen bu g\u00fcn bile hi\u00e7 bir \u015fekilde de\u011fi\u015fmemi\u015ftir.\",\"breadcrumb\":{\"@id\":\"https:\/\/timucindegirmenci.com\/dovme\/#breadcrumb\"},\"inLanguage\":\"tr\",\"potentialAction\":[{\"@type\":\"ReadAction\",\"target\":[\"https:\/\/timucindegirmenci.com\/dovme\/\"]}]},{\"@type\":\"ImageObject\",\"inLanguage\":\"tr\",\"@id\":\"https:\/\/timucindegirmenci.com\/dovme\/#primaryimage\",\"url\":\"https:\/\/timucindegirmenci.com\/dovme\/wp-content\/uploads\/2018\/03\/dovme-anasayfa.jpg\",\"contentUrl\":\"https:\/\/timucindegirmenci.com\/dovme\/wp-content\/uploads\/2018\/03\/dovme-anasayfa.jpg\",\"width\":851,\"height\":315,\"caption\":\"dovme-anasayfa\"},{\"@type\":\"BreadcrumbList\",\"@id\":\"https:\/\/timucindegirmenci.com\/dovme\/#breadcrumb\",\"itemListElement\":[{\"@type\":\"ListItem\",\"position\":1,\"name\":\"D\u00f6vme\",\"item\":\"https:\/\/timucindegirmenci.com\/dovme\/\"},{\"@type\":\"ListItem\",\"position\":2,\"name\":\"D\u00f6vme\"}]},{\"@type\":\"WebSite\",\"@id\":\"https:\/\/timucindegirmenci.com\/dovme\/#website\",\"url\":\"https:\/\/timucindegirmenci.com\/dovme\/\",\"name\":\"D\u00f6vme\",\"description\":\"Tattoo Art. Timu\u00e7in De\u011firmenci - D\u00f6vme Sanat\u00e7\u0131s\u0131\",\"publisher\":{\"@id\":\"https:\/\/timucindegirmenci.com\/dovme\/#organization\"},\"potentialAction\":[{\"@type\":\"SearchAction\",\"target\":{\"@type\":\"EntryPoint\",\"urlTemplate\":\"https:\/\/timucindegirmenci.com\/dovme\/?s={search_term_string}\"},\"query-input\":{\"@type\":\"PropertyValueSpecification\",\"valueRequired\":true,\"valueName\":\"search_term_string\"}}],\"inLanguage\":\"tr\"},{\"@type\":\"Organization\",\"@id\":\"https:\/\/timucindegirmenci.com\/dovme\/#organization\",\"name\":\"Tattoo Art. Timu\u00e7in Studio\",\"url\":\"https:\/\/timucindegirmenci.com\/dovme\/\",\"logo\":{\"@type\":\"ImageObject\",\"inLanguage\":\"tr\",\"@id\":\"https:\/\/timucindegirmenci.com\/dovme\/#\/schema\/logo\/image\/\",\"url\":\"https:\/\/timucindegirmenci.com\/dovme\/wp-content\/uploads\/2017\/10\/timucin-logo.png\",\"contentUrl\":\"https:\/\/timucindegirmenci.com\/dovme\/wp-content\/uploads\/2017\/10\/timucin-logo.png\",\"width\":300,\"height\":144,\"caption\":\"Tattoo Art. Timu\u00e7in Studio\"},\"image\":{\"@id\":\"https:\/\/timucindegirmenci.com\/dovme\/#\/schema\/logo\/image\/\"},\"sameAs\":[\"https:\/\/www.facebook.com\/timucindegirmenci01\",\"https:\/\/x.com\/tattootimucin\",\"https:\/\/www.instagram.com\/timucin_tattooartist\/\",\"https:\/\/www.linkedin.com\/in\/timu\u00e7in-de\u011firmenci-58ab2b134?trk=nav_responsive_tab_profile\",\"https:\/\/myspace.com\/tattootimucin\",\"https:\/\/tr.pinterest.com\/tattootimucin\/\",\"https:\/\/www.youtube.com\/channel\/UCwkmbFJfgR14yf2tuwXDcmw\"]}]}<\/script>\n<!-- \/ Yoast SEO plugin. -->","yoast_head_json":{"title":"D\u00f6vme - \u0130stanbul Tattoo St\u00fcdyo | Timu\u00e7in De\u011firmenci","description":"D\u00f6vme g\u00fcn\u00fcm\u00fcz\u00fcn en pop\u00fcler k\u00fclt\u00fcrlerinden birisidir. Ge\u00e7mi\u015fi binlerce y\u0131l \u00f6tesine dayanmas\u0131na ra\u011fmen bu g\u00fcn bile hi\u00e7 bir \u015fekilde de\u011fi\u015fmemi\u015ftir.","robots":{"index":"index","follow":"follow","max-snippet":"max-snippet:-1","max-image-preview":"max-image-preview:large","max-video-preview":"max-video-preview:-1"},"canonical":"https:\/\/timucindegirmenci.com\/dovme\/","og_locale":"tr_TR","og_type":"article","og_title":"D\u00f6vme - \u0130stanbul Tattoo St\u00fcdyo | Timu\u00e7in De\u011firmenci","og_description":"D\u00f6vme g\u00fcn\u00fcm\u00fcz\u00fcn en pop\u00fcler k\u00fclt\u00fcrlerinden birisidir. Ge\u00e7mi\u015fi binlerce y\u0131l \u00f6tesine dayanmas\u0131na ra\u011fmen bu g\u00fcn bile hi\u00e7 bir \u015fekilde de\u011fi\u015fmemi\u015ftir.","og_url":"https:\/\/timucindegirmenci.com\/dovme\/","og_site_name":"D\u00f6vme","article_publisher":"https:\/\/www.facebook.com\/timucindegirmenci01","article_modified_time":"2019-06-25T11:56:25+00:00","og_image":[{"width":851,"height":315,"url":"https:\/\/timucindegirmenci.com\/dovme\/wp-content\/uploads\/2018\/03\/dovme-anasayfa.jpg","type":"image\/jpeg"}],"twitter_card":"summary_large_image","twitter_site":"@tattootimucin","twitter_misc":{"Tahmini okuma s\u00fcresi":"3 dakika"},"schema":{"@context":"https:\/\/schema.org","@graph":[{"@type":"WebPage","@id":"https:\/\/timucindegirmenci.com\/dovme\/","url":"https:\/\/timucindegirmenci.com\/dovme\/","name":"D\u00f6vme - \u0130stanbul Tattoo St\u00fcdyo | Timu\u00e7in De\u011firmenci","isPartOf":{"@id":"https:\/\/timucindegirmenci.com\/dovme\/#website"},"primaryImageOfPage":{"@id":"https:\/\/timucindegirmenci.com\/dovme\/#primaryimage"},"image":{"@id":"https:\/\/timucindegirmenci.com\/dovme\/#primaryimage"},"thumbnailUrl":"https:\/\/timucindegirmenci.com\/dovme\/wp-content\/uploads\/2018\/03\/dovme-anasayfa.jpg","datePublished":"2016-08-29T21:04:11+00:00","dateModified":"2019-06-25T11:56:25+00:00","description":"D\u00f6vme g\u00fcn\u00fcm\u00fcz\u00fcn en pop\u00fcler k\u00fclt\u00fcrlerinden birisidir. Ge\u00e7mi\u015fi binlerce y\u0131l \u00f6tesine dayanmas\u0131na ra\u011fmen bu g\u00fcn bile hi\u00e7 bir \u015fekilde de\u011fi\u015fmemi\u015ftir.","breadcrumb":{"@id":"https:\/\/timucindegirmenci.com\/dovme\/#breadcrumb"},"inLanguage":"tr","potentialAction":[{"@type":"ReadAction","target":["https:\/\/timucindegirmenci.com\/dovme\/"]}]},{"@type":"ImageObject","inLanguage":"tr","@id":"https:\/\/timucindegirmenci.com\/dovme\/#primaryimage","url":"https:\/\/timucindegirmenci.com\/dovme\/wp-content\/uploads\/2018\/03\/dovme-anasayfa.jpg","contentUrl":"https:\/\/timucindegirmenci.com\/dovme\/wp-content\/uploads\/2018\/03\/dovme-anasayfa.jpg","width":851,"height":315,"caption":"dovme-anasayfa"},{"@type":"BreadcrumbList","@id":"https:\/\/timucindegirmenci.com\/dovme\/#breadcrumb","itemListElement":[{"@type":"ListItem","position":1,"name":"D\u00f6vme","item":"https:\/\/timucindegirmenci.com\/dovme\/"},{"@type":"ListItem","position":2,"name":"D\u00f6vme"}]},{"@type":"WebSite","@id":"https:\/\/timucindegirmenci.com\/dovme\/#website","url":"https:\/\/timucindegirmenci.com\/dovme\/","name":"D\u00f6vme","description":"Tattoo Art. Timu\u00e7in De\u011firmenci - D\u00f6vme Sanat\u00e7\u0131s\u0131","publisher":{"@id":"https:\/\/timucindegirmenci.com\/dovme\/#organization"},"potentialAction":[{"@type":"SearchAction","target":{"@type":"EntryPoint","urlTemplate":"https:\/\/timucindegirmenci.com\/dovme\/?s={search_term_string}"},"query-input":{"@type":"PropertyValueSpecification","valueRequired":true,"valueName":"search_term_string"}}],"inLanguage":"tr"},{"@type":"Organization","@id":"https:\/\/timucindegirmenci.com\/dovme\/#organization","name":"Tattoo Art. Timu\u00e7in Studio","url":"https:\/\/timucindegirmenci.com\/dovme\/","logo":{"@type":"ImageObject","inLanguage":"tr","@id":"https:\/\/timucindegirmenci.com\/dovme\/#\/schema\/logo\/image\/","url":"https:\/\/timucindegirmenci.com\/dovme\/wp-content\/uploads\/2017\/10\/timucin-logo.png","contentUrl":"https:\/\/timucindegirmenci.com\/dovme\/wp-content\/uploads\/2017\/10\/timucin-logo.png","width":300,"height":144,"caption":"Tattoo Art. Timu\u00e7in Studio"},"image":{"@id":"https:\/\/timucindegirmenci.com\/dovme\/#\/schema\/logo\/image\/"},"sameAs":["https:\/\/www.facebook.com\/timucindegirmenci01","https:\/\/x.com\/tattootimucin","https:\/\/www.instagram.com\/timucin_tattooartist\/","https:\/\/www.linkedin.com\/in\/timu\u00e7in-de\u011firmenci-58ab2b134?trk=nav_responsive_tab_profile","https:\/\/myspace.com\/tattootimucin","https:\/\/tr.pinterest.com\/tattootimucin\/","https:\/\/www.youtube.com\/channel\/UCwkmbFJfgR14yf2tuwXDcmw"]}]}},"_links":{"self":[{"href":"https:\/\/timucindegirmenci.com\/dovme\/wp-json\/wp\/v2\/pages\/107","targetHints":{"allow":["GET"]}}],"collection":[{"href":"https:\/\/timucindegirmenci.com\/dovme\/wp-json\/wp\/v2\/pages"}],"about":[{"href":"https:\/\/timucindegirmenci.com\/dovme\/wp-json\/wp\/v2\/types\/page"}],"author":[{"embeddable":true,"href":"https:\/\/timucindegirmenci.com\/dovme\/wp-json\/wp\/v2\/users\/1"}],"replies":[{"embeddable":true,"href":"https:\/\/timucindegirmenci.com\/dovme\/wp-json\/wp\/v2\/comments?post=107"}],"version-history":[{"count":0,"href":"https:\/\/timucindegirmenci.com\/dovme\/wp-json\/wp\/v2\/pages\/107\/revisions"}],"wp:featuredmedia":[{"embeddable":true,"href":"https:\/\/timucindegirmenci.com\/dovme\/wp-json\/wp\/v2\/media\/5345"}],"wp:attachment":[{"href":"https:\/\/timucindegirmenci.com\/dovme\/wp-json\/wp\/v2\/media?parent=107"}],"curies":[{"name":"wp","href":"https:\/\/api.w.org\/{rel}","templated":true}]}}