{"id":102,"date":"2016-08-29T10:59:28","date_gmt":"2016-08-29T07:59:28","guid":{"rendered":"http:\/\/timucindegirmenci.com\/dovme\/?page_id=102"},"modified":"2021-08-14T15:30:45","modified_gmt":"2021-08-14T12:30:45","slug":"dovme-kursu","status":"publish","type":"page","link":"https:\/\/timucindegirmenci.com\/dovme\/dovme-kursu\/","title":{"rendered":"D\u00f6vme Kursu"},"content":{"rendered":"\n<p>D\u00f6vme kursu <em><a href=\"https:\/\/timucindegirmenci.com\/\">Timu\u00e7in De\u011firmenci<\/a><\/em> taraf\u0131ndan \u0130stanbul&#8217;da sadece y\u0131lda belirli say\u0131da ki\u015filere \u00f6zel olarak verilmektedir. E\u011fitimi almak isteyen ki\u015filer ile bire bir g\u00f6r\u00fc\u015f\u00fcld\u00fckten sonra e\u011fitim i\u00e7in \u00e7al\u0131\u015fmalara ba\u015flan\u0131r. D\u00f6vme e\u011fitimi tamamland\u0131ktan&nbsp;sonra <strong>kalfal\u0131k belgesi<\/strong> ve <strong>ustal\u0131k belgesi<\/strong> i\u00e7in y\u00f6nlendirilir.<\/p>\n\n\n\n<h2 class=\"wp-block-heading\">D\u00f6vme Kursunu Kimden Almal\u0131y\u0131m?<\/h2>\n\n\n\n<div class=\"wp-block-image\"><figure class=\"aligncenter\"><img loading=\"lazy\" decoding=\"async\" width=\"700\" height=\"350\" src=\"https:\/\/timucindegirmenci.com\/dovme\/wp-content\/uploads\/2018\/07\/dovme-kursu-kimden-almaliyim.jpg\" alt=\"dovme-kursu-kimden-almaliyim\" class=\"wp-image-6004\" srcset=\"https:\/\/timucindegirmenci.com\/dovme\/wp-content\/uploads\/2018\/07\/dovme-kursu-kimden-almaliyim.jpg 700w, https:\/\/timucindegirmenci.com\/dovme\/wp-content\/uploads\/2018\/07\/dovme-kursu-kimden-almaliyim-300x150.jpg 300w\" sizes=\"auto, (max-width: 700px) 100vw, 700px\" \/><\/figure><\/div>\n\n\n\n<p><strong>D\u00f6vme kursu<\/strong> almadan \u00f6nce ara\u015ft\u0131r\u0131lmas\u0131 gereken en \u00f6nemli konudur. E\u011fer d\u00f6vmecili\u011fi \u00f6\u011frenmek istiyorsan\u0131z kendinizi geli\u015ftirmeniz a\u00e7\u0131s\u0131ndan size yol g\u00f6sterecek ve mesle\u011fin puf noktalar\u0131n\u0131 size \u00f6\u011fretebilecek kapasiteye ve tecr\u00fcbeye sahip olmal\u0131d\u0131r. <span style=\"color: #000000;\"><strong>Tattoo Art. Timu\u00e7in<\/strong><\/span>&#8216;den alaca\u011f\u0131n\u0131z d\u00f6vme kursu sadece size \u00f6zel olaca\u011f\u0131 gibi kendi tarz\u0131n\u0131z\u0131 ke\u015ffetmenize de olanak sa\u011flayacakt\u0131r. <span style=\"color: #000000;\"><a style=\"color: #000000;\" href=\"https:\/\/timucindegirmenci.com\/calismalarim\"><strong>D\u00f6vme \u00c7al\u0131\u015fmalar\u0131yla<\/strong><\/a><\/span> neredeyse t\u00fcm <strong><a href=\"https:\/\/timucindegirmenci.com\/dovme\/dovme-tarzlari\/\" title=\"D\u00f6vme Tarzlar\u0131\"><em>D\u00f6vme tarzlar\u0131na<\/em><\/a><\/strong> hakim olan Timu\u00e7in, Bu konuda size d\u00f6vme e\u011fitiminden sonrada destek sa\u011flayacak ve buldu\u011funuz kobaylara yapt\u0131\u011f\u0131n\u0131z d\u00f6vmeleri kendi g\u00f6zetimi alt\u0131nda tutacakt\u0131r.<\/p>\n\n\n\n<h2 class=\"wp-block-heading\">Kimler D\u00f6vme Kursu Alabilir?<\/h2>\n\n\n\n<div class=\"wp-block-image\"><figure class=\"aligncenter\"><img loading=\"lazy\" decoding=\"async\" width=\"700\" height=\"466\" src=\"https:\/\/timucindegirmenci.com\/dovme\/wp-content\/uploads\/2016\/08\/dovme-kursu-istanbul.jpg\" alt=\"Kimler D\u00f6vme Kursu Alabilir\" class=\"wp-image-1661\" srcset=\"https:\/\/timucindegirmenci.com\/dovme\/wp-content\/uploads\/2016\/08\/dovme-kursu-istanbul.jpg 700w, https:\/\/timucindegirmenci.com\/dovme\/wp-content\/uploads\/2016\/08\/dovme-kursu-istanbul-300x200.jpg 300w\" sizes=\"auto, (max-width: 700px) 100vw, 700px\" \/><\/figure><\/div>\n\n\n\n<p>Yediden yetmi\u015fe isteyen herkes, d\u00f6vmeye merak\u0131 olan herkes d\u00f6vme kursu alabilir. Bu konuda <strong>d\u00f6vme e\u011fitimi<\/strong> alacak ki\u015finin baz\u0131 \u015fartlar\u0131 yerine getirmesi gerek bunlar\u0131n en \u00f6nemlisi d\u00f6vme yapmas\u0131na engel olabilecek bir engelinin olmamas\u0131.<\/p>\n\n\n\n<h2 class=\"wp-block-heading\">Kursiyerlerimizin \u00c7al\u0131\u015fmalar\u0131ndan Baz\u0131lar\u0131<\/h2>\n\n\n\n<p>Bu e\u011fitimi alan bir \u00e7ok kursiyerimiz bu i\u015fe korkarak ba\u015fl\u0131yor ve g\u00fcven konusunda problem ya\u015f\u0131yor fakat ilerleyen zamanlarda kurs s\u00fcreci disiplinli devam ettik\u00e7e kursiyerlerimizin kendine olan g\u00fcveni de artmaya ba\u015fl\u0131yor. A\u015fa\u011f\u0131da kursiyerlerimiz taraf\u0131ndan yap\u0131lan baz\u0131 \u00e7al\u0131\u015fmalar\u0131 g\u00f6rebilirsiniz.<\/p>\n\n\n\n<figure class=\"wp-block-image\"><img loading=\"lazy\" decoding=\"async\" width=\"1024\" height=\"950\" src=\"https:\/\/timucindegirmenci.com\/dovme\/wp-content\/uploads\/2019\/03\/kursiyerlerimizin-yaptigi-dovme-calismalari-1024x950.jpg\" alt=\"\" class=\"wp-image-6123\" srcset=\"https:\/\/timucindegirmenci.com\/dovme\/wp-content\/uploads\/2019\/03\/kursiyerlerimizin-yaptigi-dovme-calismalari-1024x950.jpg 1024w, https:\/\/timucindegirmenci.com\/dovme\/wp-content\/uploads\/2019\/03\/kursiyerlerimizin-yaptigi-dovme-calismalari-300x278.jpg 300w, https:\/\/timucindegirmenci.com\/dovme\/wp-content\/uploads\/2019\/03\/kursiyerlerimizin-yaptigi-dovme-calismalari-768x712.jpg 768w, https:\/\/timucindegirmenci.com\/dovme\/wp-content\/uploads\/2019\/03\/kursiyerlerimizin-yaptigi-dovme-calismalari-700x649.jpg 700w, https:\/\/timucindegirmenci.com\/dovme\/wp-content\/uploads\/2019\/03\/kursiyerlerimizin-yaptigi-dovme-calismalari.jpg 1200w\" sizes=\"auto, (max-width: 1024px) 100vw, 1024px\" \/><\/figure>\n\n\n\n<h2 class=\"wp-block-heading\">D\u00f6vme Kursu&nbsp;Konular\u0131 Nelerdir?<\/h2>\n\n\n\n<ul class=\"wp-block-list\"><li>D\u00f6vme Ekipmanlar\u0131<\/li><li>D\u00f6vme Malzemeleri<\/li><li>Sterilizasyon<\/li><li>Temel \u00c7izim<\/li><li>D\u00f6vme Model Tasar\u0131m\u0131<\/li><li>Suni Deri \u00dcst\u00fcne Uygulama<\/li><li>Kobay \u00dcst\u00fcnde Uygulama<\/li><\/ul>\n\n\n\n<h3 class=\"wp-block-heading\">Tattoo Art. Timu\u00e7in De\u011firmenci Anlat\u0131yor<\/h3>\n\n\n\n<div class=\"wp-block-image\"><figure class=\"alignleft\"><img loading=\"lazy\" decoding=\"async\" width=\"300\" height=\"200\" src=\"https:\/\/timucindegirmenci.com\/dovme\/wp-content\/uploads\/2016\/08\/timucin-degirmenci-kadlec-pavelka-300x200.png\" alt=\"D\u00f6vme Kursu \u0130stanbul\" class=\"wp-image-355\" srcset=\"https:\/\/timucindegirmenci.com\/dovme\/wp-content\/uploads\/2016\/08\/timucin-degirmenci-kadlec-pavelka-300x200.png 300w, https:\/\/timucindegirmenci.com\/dovme\/wp-content\/uploads\/2016\/08\/timucin-degirmenci-kadlec-pavelka.png 520w\" sizes=\"auto, (max-width: 300px) 100vw, 300px\" \/><\/figure><\/div>\n\n\n\n<p>Mesle\u011fime ba\u015flamadan \u00f6nceki y\u0131llar\u0131m d\u00f6vmeye olan merak\u0131mla ge\u00e7ti. D\u00f6vme yapt\u0131rmak i\u00e7in yeterli paray\u0131 denkle\u015ftirmek 16 ya\u015flar\u0131nda benim i\u00e7in \u00e7ok zordu. Kimilerinin talihsizlik dedi\u011fi bir insan \u00e7\u0131k\u0131p k\u00f6t\u00fcde olsa bir d\u00f6vme yapt\u0131. Bununla beraber resim yetene\u011fime ve el becerime dayanarak \u00e7ok daha iyi yapabilece\u011fime inand\u0131m ve kendi \u00e7abalar\u0131mla bir d\u00f6vme makinas\u0131 sahibi oldum. Art\u0131k d\u00f6vme kursu ara\u015ft\u0131rma zaman\u0131 gelmi\u015fti.<\/p>\n\n\n\n<div class=\"wp-block-image\"><figure class=\"aligncenter\"><img loading=\"lazy\" decoding=\"async\" width=\"568\" height=\"745\" src=\"https:\/\/timucindegirmenci.com\/dovme\/wp-content\/uploads\/2016\/11\/timucin-dha-bas\u0131n.jpg\" alt=\"timucin-dha-basin-nani-luis\" class=\"wp-image-228\" srcset=\"https:\/\/timucindegirmenci.com\/dovme\/wp-content\/uploads\/2016\/11\/timucin-dha-bas\u0131n.jpg 568w, https:\/\/timucindegirmenci.com\/dovme\/wp-content\/uploads\/2016\/11\/timucin-dha-bas\u0131n-229x300.jpg 229w\" sizes=\"auto, (max-width: 568px) 100vw, 568px\" \/><\/figure><\/div>\n\n\n\n<p>En yak\u0131nlar\u0131mdan ba\u015flad\u0131m d\u00f6vmeye ve benim gibi yapmaya yeni ba\u015flayan biriyle tan\u0131\u015ft\u0131m&nbsp;o bana bildiklerini&nbsp;ben ise ona fikirlerimi payla\u015ft\u0131m&nbsp;ve bu g\u00fcnlere kadar y\u00fcr\u00fcd\u00fck&nbsp;bazen ko\u015ftuk geldik. Herkes benim kadar \u015fansl\u0131 olmayabilir birileri&nbsp;kar\u015f\u0131lar\u0131na&nbsp;\u00e7\u0131kmayabilir kurdu\u011fu hayaller ger\u00e7ekle\u015fmeyebilir,&nbsp;bu durumlarda ki\u015filerin&nbsp;ba\u015fvuraca\u011f\u0131 adresler g\u00fcvenilir ki\u015filer&nbsp;olmal\u0131d\u0131r.&nbsp;<strong>D\u00f6vme Kursunda<\/strong> e\u011fitim alacak ki\u015filerin d\u00f6vme yapmay\u0131 isteyenler kadar bu mesle\u011fi istemi\u015f olmas\u0131 laz\u0131m,&nbsp;kurdu\u011funuz hayalleri kuran insanlar&nbsp;sizi en iyi anlayan insanlard\u0131r.<\/p>\n\n\n\n<div class=\"wp-block-image\"><figure class=\"aligncenter\"><img loading=\"lazy\" decoding=\"async\" width=\"1024\" height=\"726\" src=\"https:\/\/timucindegirmenci.com\/dovme\/wp-content\/uploads\/2017\/01\/dovmeci-ustal\u0131k-belgesi-1024x726.jpg\" alt=\"D\u00f6vme Kursu Ustal\u0131k Belgesi\" class=\"wp-image-637\" srcset=\"https:\/\/timucindegirmenci.com\/dovme\/wp-content\/uploads\/2017\/01\/dovmeci-ustal\u0131k-belgesi-1024x726.jpg 1024w, https:\/\/timucindegirmenci.com\/dovme\/wp-content\/uploads\/2017\/01\/dovmeci-ustal\u0131k-belgesi-300x213.jpg 300w, https:\/\/timucindegirmenci.com\/dovme\/wp-content\/uploads\/2017\/01\/dovmeci-ustal\u0131k-belgesi-768x545.jpg 768w, https:\/\/timucindegirmenci.com\/dovme\/wp-content\/uploads\/2017\/01\/dovmeci-ustal\u0131k-belgesi-700x496.jpg 700w\" sizes=\"auto, (max-width: 1024px) 100vw, 1024px\" \/><\/figure><\/div>\n\n\n\n<p>Deneme yan\u0131lma yoluyla \u00f6\u011frendi\u011fim t\u00fcm bilgileri size anlayabilece\u011finiz en k\u0131sa zamana s\u0131\u011fd\u0131raca\u011f\u0131m kestirme yollardan nas\u0131l d\u00f6vme yap\u0131l\u0131r bunu \u00f6\u011fretece\u011fim nas\u0131l \u00e7izilir&nbsp;nas\u0131l g\u00f6lge at\u0131l\u0131r pratikten \u00f6nce mant\u0131\u011f\u0131n\u0131 kavrayacaks\u0131n\u0131z ve mesle\u011fin i\u00e7inde&nbsp;olan biri&nbsp;olarak piyasadaki \u015farlatan gibi bu e\u011fitimi&nbsp;paket paket haz\u0131rlam\u0131yorum senede bir yada iki ki\u015fiyle \u00e7al\u0131\u015f\u0131p onun alg\u0131lar\u0131na ba\u011fl\u0131 s\u00fcre belirliyorum bu 1&nbsp;senede s\u00fcrebilir 2 ayda ama her ne olursa olsun deste\u011fi b\u0131rakm\u0131yorum bastonla gezene kadar her sorunuza cevap verip ileti\u015fim halinde kal\u0131yorum, ama tabi ki&nbsp;tek temennim ben dahil t\u00fcm d\u00f6vme sanat\u00e7\u0131lar\u0131n\u0131 ge\u00e7ip bir numara olman\u0131z olacakt\u0131r.<\/p>\n\n\n\n<h3 class=\"wp-block-heading\">D\u00d6VME KURSU \u0130\u00c7\u0130N&nbsp;\u0130LET\u0130\u015e\u0130M<\/h3>\n\n\n\n<p><strong>Whatsapp ve Mobil&nbsp; Hatt\u0131m\u0131z<\/strong><\/p>\n\n\n\n<div class=\"but1\"><a class=\"btn3\" style=\"font-size: 20px;\" href=\"tel:0534 020 38 38\"><strong>0534 020 38 38<\/strong><\/a><\/div>\n\n\n\n<div class=\"but1\"><a href=\"https:\/\/timucindegirmenci.com\/iletisim\"><b>Randevu Formu<\/b><\/a><\/div>\n","protected":false},"excerpt":{"rendered":"<p>D\u00f6vme kursu Timu\u00e7in De\u011firmenci taraf\u0131ndan \u0130stanbul&#8217;da sadece y\u0131lda belirli say\u0131da ki\u015filere \u00f6zel olarak verilmektedir. E\u011fitimi almak isteyen ki\u015filer ile bire bir g\u00f6r\u00fc\u015f\u00fcld\u00fckten sonra e\u011fitim i\u00e7in \u00e7al\u0131\u015fmalara ba\u015flan\u0131r. D\u00f6vme e\u011fitimi tamamland\u0131ktan&nbsp;sonra kalfal\u0131k belgesi ve ustal\u0131k belgesi i\u00e7in y\u00f6nlendirilir. D\u00f6vme Kursunu Kimden Almal\u0131y\u0131m? D\u00f6vme kursu almadan \u00f6nce ara\u015ft\u0131r\u0131lmas\u0131 gereken en \u00f6nemli konudur. E\u011fer d\u00f6vmecili\u011fi \u00f6\u011frenmek istiyorsan\u0131z kendinizi [&hellip;]<\/p>\n","protected":false},"author":1,"featured_media":5794,"parent":0,"menu_order":0,"comment_status":"open","ping_status":"closed","template":"","meta":{"footnotes":""},"class_list":["post-102","page","type-page","status-publish","has-post-thumbnail","hentry"],"yoast_head":"<!-- This site is optimized with the Yoast SEO plugin v25.7 - https:\/\/yoast.com\/wordpress\/plugins\/seo\/ -->\n<title>\u0130stanbul D\u00f6vme Kursu | Profesyonel D\u00f6vme E\u011fitimi<\/title>\n<meta name=\"description\" content=\"D\u00f6vme kursu ilgisi olan herkesin alabilece\u011fi bir e\u011fitimdir. Profesyonel d\u00f6vme e\u011fitimi \u0130stanbul&#039;da verilecektir.\" \/>\n<meta name=\"robots\" content=\"index, follow, max-snippet:-1, max-image-preview:large, max-video-preview:-1\" \/>\n<link rel=\"canonical\" href=\"https:\/\/timucindegirmenci.com\/dovme\/dovme-kursu\/\" \/>\n<meta property=\"og:locale\" content=\"tr_TR\" \/>\n<meta property=\"og:type\" content=\"article\" \/>\n<meta property=\"og:title\" content=\"\u0130stanbul D\u00f6vme Kursu | Profesyonel D\u00f6vme E\u011fitimi\" \/>\n<meta property=\"og:description\" content=\"D\u00f6vme kursu ilgisi olan herkesin alabilece\u011fi bir e\u011fitimdir. Profesyonel d\u00f6vme e\u011fitimi \u0130stanbul&#039;da verilecektir.\" \/>\n<meta property=\"og:url\" content=\"https:\/\/timucindegirmenci.com\/dovme\/dovme-kursu\/\" \/>\n<meta property=\"og:site_name\" content=\"D\u00f6vme\" \/>\n<meta property=\"article:publisher\" content=\"https:\/\/www.facebook.com\/timucindegirmenci01\" \/>\n<meta property=\"article:modified_time\" content=\"2021-08-14T12:30:45+00:00\" \/>\n<meta property=\"og:image\" content=\"https:\/\/timucindegirmenci.com\/dovme\/wp-content\/uploads\/2018\/06\/dovme-kursu.jpg\" \/>\n\t<meta property=\"og:image:width\" content=\"720\" \/>\n\t<meta property=\"og:image:height\" content=\"471\" \/>\n\t<meta property=\"og:image:type\" content=\"image\/jpeg\" \/>\n<meta name=\"twitter:card\" content=\"summary_large_image\" \/>\n<meta name=\"twitter:site\" content=\"@tattootimucin\" \/>\n<meta name=\"twitter:label1\" content=\"Tahmini okuma s\u00fcresi\" \/>\n\t<meta name=\"twitter:data1\" content=\"4 dakika\" \/>\n<script type=\"application\/ld+json\" class=\"yoast-schema-graph\">{\"@context\":\"https:\/\/schema.org\",\"@graph\":[{\"@type\":\"WebPage\",\"@id\":\"https:\/\/timucindegirmenci.com\/dovme\/dovme-kursu\/\",\"url\":\"https:\/\/timucindegirmenci.com\/dovme\/dovme-kursu\/\",\"name\":\"\u0130stanbul D\u00f6vme Kursu | Profesyonel D\u00f6vme E\u011fitimi\",\"isPartOf\":{\"@id\":\"https:\/\/timucindegirmenci.com\/dovme\/#website\"},\"primaryImageOfPage\":{\"@id\":\"https:\/\/timucindegirmenci.com\/dovme\/dovme-kursu\/#primaryimage\"},\"image\":{\"@id\":\"https:\/\/timucindegirmenci.com\/dovme\/dovme-kursu\/#primaryimage\"},\"thumbnailUrl\":\"https:\/\/timucindegirmenci.com\/dovme\/wp-content\/uploads\/2018\/06\/dovme-kursu.jpg\",\"datePublished\":\"2016-08-29T07:59:28+00:00\",\"dateModified\":\"2021-08-14T12:30:45+00:00\",\"description\":\"D\u00f6vme kursu ilgisi olan herkesin alabilece\u011fi bir e\u011fitimdir. Profesyonel d\u00f6vme e\u011fitimi \u0130stanbul'da verilecektir.\",\"breadcrumb\":{\"@id\":\"https:\/\/timucindegirmenci.com\/dovme\/dovme-kursu\/#breadcrumb\"},\"inLanguage\":\"tr\",\"potentialAction\":[{\"@type\":\"ReadAction\",\"target\":[\"https:\/\/timucindegirmenci.com\/dovme\/dovme-kursu\/\"]}]},{\"@type\":\"ImageObject\",\"inLanguage\":\"tr\",\"@id\":\"https:\/\/timucindegirmenci.com\/dovme\/dovme-kursu\/#primaryimage\",\"url\":\"https:\/\/timucindegirmenci.com\/dovme\/wp-content\/uploads\/2018\/06\/dovme-kursu.jpg\",\"contentUrl\":\"https:\/\/timucindegirmenci.com\/dovme\/wp-content\/uploads\/2018\/06\/dovme-kursu.jpg\",\"width\":720,\"height\":471,\"caption\":\"D\u00f6vme Kursu\"},{\"@type\":\"BreadcrumbList\",\"@id\":\"https:\/\/timucindegirmenci.com\/dovme\/dovme-kursu\/#breadcrumb\",\"itemListElement\":[{\"@type\":\"ListItem\",\"position\":1,\"name\":\"D\u00f6vme\",\"item\":\"https:\/\/timucindegirmenci.com\/dovme\/\"},{\"@type\":\"ListItem\",\"position\":2,\"name\":\"D\u00f6vme Kursu\"}]},{\"@type\":\"WebSite\",\"@id\":\"https:\/\/timucindegirmenci.com\/dovme\/#website\",\"url\":\"https:\/\/timucindegirmenci.com\/dovme\/\",\"name\":\"D\u00f6vme\",\"description\":\"Tattoo Art. Timu\u00e7in De\u011firmenci - D\u00f6vme Sanat\u00e7\u0131s\u0131\",\"publisher\":{\"@id\":\"https:\/\/timucindegirmenci.com\/dovme\/#organization\"},\"potentialAction\":[{\"@type\":\"SearchAction\",\"target\":{\"@type\":\"EntryPoint\",\"urlTemplate\":\"https:\/\/timucindegirmenci.com\/dovme\/?s={search_term_string}\"},\"query-input\":{\"@type\":\"PropertyValueSpecification\",\"valueRequired\":true,\"valueName\":\"search_term_string\"}}],\"inLanguage\":\"tr\"},{\"@type\":\"Organization\",\"@id\":\"https:\/\/timucindegirmenci.com\/dovme\/#organization\",\"name\":\"Tattoo Art. Timu\u00e7in Studio\",\"url\":\"https:\/\/timucindegirmenci.com\/dovme\/\",\"logo\":{\"@type\":\"ImageObject\",\"inLanguage\":\"tr\",\"@id\":\"https:\/\/timucindegirmenci.com\/dovme\/#\/schema\/logo\/image\/\",\"url\":\"https:\/\/timucindegirmenci.com\/dovme\/wp-content\/uploads\/2017\/10\/timucin-logo.png\",\"contentUrl\":\"https:\/\/timucindegirmenci.com\/dovme\/wp-content\/uploads\/2017\/10\/timucin-logo.png\",\"width\":300,\"height\":144,\"caption\":\"Tattoo Art. Timu\u00e7in Studio\"},\"image\":{\"@id\":\"https:\/\/timucindegirmenci.com\/dovme\/#\/schema\/logo\/image\/\"},\"sameAs\":[\"https:\/\/www.facebook.com\/timucindegirmenci01\",\"https:\/\/x.com\/tattootimucin\",\"https:\/\/www.instagram.com\/timucin_tattooartist\/\",\"https:\/\/www.linkedin.com\/in\/timu\u00e7in-de\u011firmenci-58ab2b134?trk=nav_responsive_tab_profile\",\"https:\/\/myspace.com\/tattootimucin\",\"https:\/\/tr.pinterest.com\/tattootimucin\/\",\"https:\/\/www.youtube.com\/channel\/UCwkmbFJfgR14yf2tuwXDcmw\"]}]}<\/script>\n<!-- \/ Yoast SEO plugin. -->","yoast_head_json":{"title":"\u0130stanbul D\u00f6vme Kursu | Profesyonel D\u00f6vme E\u011fitimi","description":"D\u00f6vme kursu ilgisi olan herkesin alabilece\u011fi bir e\u011fitimdir. Profesyonel d\u00f6vme e\u011fitimi \u0130stanbul'da verilecektir.","robots":{"index":"index","follow":"follow","max-snippet":"max-snippet:-1","max-image-preview":"max-image-preview:large","max-video-preview":"max-video-preview:-1"},"canonical":"https:\/\/timucindegirmenci.com\/dovme\/dovme-kursu\/","og_locale":"tr_TR","og_type":"article","og_title":"\u0130stanbul D\u00f6vme Kursu | Profesyonel D\u00f6vme E\u011fitimi","og_description":"D\u00f6vme kursu ilgisi olan herkesin alabilece\u011fi bir e\u011fitimdir. Profesyonel d\u00f6vme e\u011fitimi \u0130stanbul'da verilecektir.","og_url":"https:\/\/timucindegirmenci.com\/dovme\/dovme-kursu\/","og_site_name":"D\u00f6vme","article_publisher":"https:\/\/www.facebook.com\/timucindegirmenci01","article_modified_time":"2021-08-14T12:30:45+00:00","og_image":[{"width":720,"height":471,"url":"https:\/\/timucindegirmenci.com\/dovme\/wp-content\/uploads\/2018\/06\/dovme-kursu.jpg","type":"image\/jpeg"}],"twitter_card":"summary_large_image","twitter_site":"@tattootimucin","twitter_misc":{"Tahmini okuma s\u00fcresi":"4 dakika"},"schema":{"@context":"https:\/\/schema.org","@graph":[{"@type":"WebPage","@id":"https:\/\/timucindegirmenci.com\/dovme\/dovme-kursu\/","url":"https:\/\/timucindegirmenci.com\/dovme\/dovme-kursu\/","name":"\u0130stanbul D\u00f6vme Kursu | Profesyonel D\u00f6vme E\u011fitimi","isPartOf":{"@id":"https:\/\/timucindegirmenci.com\/dovme\/#website"},"primaryImageOfPage":{"@id":"https:\/\/timucindegirmenci.com\/dovme\/dovme-kursu\/#primaryimage"},"image":{"@id":"https:\/\/timucindegirmenci.com\/dovme\/dovme-kursu\/#primaryimage"},"thumbnailUrl":"https:\/\/timucindegirmenci.com\/dovme\/wp-content\/uploads\/2018\/06\/dovme-kursu.jpg","datePublished":"2016-08-29T07:59:28+00:00","dateModified":"2021-08-14T12:30:45+00:00","description":"D\u00f6vme kursu ilgisi olan herkesin alabilece\u011fi bir e\u011fitimdir. Profesyonel d\u00f6vme e\u011fitimi \u0130stanbul'da verilecektir.","breadcrumb":{"@id":"https:\/\/timucindegirmenci.com\/dovme\/dovme-kursu\/#breadcrumb"},"inLanguage":"tr","potentialAction":[{"@type":"ReadAction","target":["https:\/\/timucindegirmenci.com\/dovme\/dovme-kursu\/"]}]},{"@type":"ImageObject","inLanguage":"tr","@id":"https:\/\/timucindegirmenci.com\/dovme\/dovme-kursu\/#primaryimage","url":"https:\/\/timucindegirmenci.com\/dovme\/wp-content\/uploads\/2018\/06\/dovme-kursu.jpg","contentUrl":"https:\/\/timucindegirmenci.com\/dovme\/wp-content\/uploads\/2018\/06\/dovme-kursu.jpg","width":720,"height":471,"caption":"D\u00f6vme Kursu"},{"@type":"BreadcrumbList","@id":"https:\/\/timucindegirmenci.com\/dovme\/dovme-kursu\/#breadcrumb","itemListElement":[{"@type":"ListItem","position":1,"name":"D\u00f6vme","item":"https:\/\/timucindegirmenci.com\/dovme\/"},{"@type":"ListItem","position":2,"name":"D\u00f6vme Kursu"}]},{"@type":"WebSite","@id":"https:\/\/timucindegirmenci.com\/dovme\/#website","url":"https:\/\/timucindegirmenci.com\/dovme\/","name":"D\u00f6vme","description":"Tattoo Art. Timu\u00e7in De\u011firmenci - D\u00f6vme Sanat\u00e7\u0131s\u0131","publisher":{"@id":"https:\/\/timucindegirmenci.com\/dovme\/#organization"},"potentialAction":[{"@type":"SearchAction","target":{"@type":"EntryPoint","urlTemplate":"https:\/\/timucindegirmenci.com\/dovme\/?s={search_term_string}"},"query-input":{"@type":"PropertyValueSpecification","valueRequired":true,"valueName":"search_term_string"}}],"inLanguage":"tr"},{"@type":"Organization","@id":"https:\/\/timucindegirmenci.com\/dovme\/#organization","name":"Tattoo Art. Timu\u00e7in Studio","url":"https:\/\/timucindegirmenci.com\/dovme\/","logo":{"@type":"ImageObject","inLanguage":"tr","@id":"https:\/\/timucindegirmenci.com\/dovme\/#\/schema\/logo\/image\/","url":"https:\/\/timucindegirmenci.com\/dovme\/wp-content\/uploads\/2017\/10\/timucin-logo.png","contentUrl":"https:\/\/timucindegirmenci.com\/dovme\/wp-content\/uploads\/2017\/10\/timucin-logo.png","width":300,"height":144,"caption":"Tattoo Art. Timu\u00e7in Studio"},"image":{"@id":"https:\/\/timucindegirmenci.com\/dovme\/#\/schema\/logo\/image\/"},"sameAs":["https:\/\/www.facebook.com\/timucindegirmenci01","https:\/\/x.com\/tattootimucin","https:\/\/www.instagram.com\/timucin_tattooartist\/","https:\/\/www.linkedin.com\/in\/timu\u00e7in-de\u011firmenci-58ab2b134?trk=nav_responsive_tab_profile","https:\/\/myspace.com\/tattootimucin","https:\/\/tr.pinterest.com\/tattootimucin\/","https:\/\/www.youtube.com\/channel\/UCwkmbFJfgR14yf2tuwXDcmw"]}]}},"_links":{"self":[{"href":"https:\/\/timucindegirmenci.com\/dovme\/wp-json\/wp\/v2\/pages\/102","targetHints":{"allow":["GET"]}}],"collection":[{"href":"https:\/\/timucindegirmenci.com\/dovme\/wp-json\/wp\/v2\/pages"}],"about":[{"href":"https:\/\/timucindegirmenci.com\/dovme\/wp-json\/wp\/v2\/types\/page"}],"author":[{"embeddable":true,"href":"https:\/\/timucindegirmenci.com\/dovme\/wp-json\/wp\/v2\/users\/1"}],"replies":[{"embeddable":true,"href":"https:\/\/timucindegirmenci.com\/dovme\/wp-json\/wp\/v2\/comments?post=102"}],"version-history":[{"count":2,"href":"https:\/\/timucindegirmenci.com\/dovme\/wp-json\/wp\/v2\/pages\/102\/revisions"}],"predecessor-version":[{"id":6199,"href":"https:\/\/timucindegirmenci.com\/dovme\/wp-json\/wp\/v2\/pages\/102\/revisions\/6199"}],"wp:featuredmedia":[{"embeddable":true,"href":"https:\/\/timucindegirmenci.com\/dovme\/wp-json\/wp\/v2\/media\/5794"}],"wp:attachment":[{"href":"https:\/\/timucindegirmenci.com\/dovme\/wp-json\/wp\/v2\/media?parent=102"}],"curies":[{"name":"wp","href":"https:\/\/api.w.org\/{rel}","templated":true}]}}